{"id":2815,"date":"2026-04-06T18:21:22","date_gmt":"2026-04-06T16:21:22","guid":{"rendered":"https:\/\/photo-u-paris.fr\/?page_id=2815"},"modified":"2026-04-06T18:22:26","modified_gmt":"2026-04-06T16:22:26","slug":"noe-fournier-l2-psychologie","status":"publish","type":"page","link":"https:\/\/photo-u-paris.fr\/index.php\/noe-fournier-l2-psychologie\/","title":{"rendered":"No\u00e9 Fournier\u00a0 | L2 Psychologie"},"content":{"rendered":"\n<h2 class=\"wp-block-heading has-text-align-center has-medium-font-size\">LAVER SON LINGE SALE EN PUBLIC<\/h2>\n\n\n\n<div class=\"wp-block-group\"><div class=\"wp-block-group__inner-container is-layout-flow wp-block-group-is-layout-flow\">\n<p><\/p>\n\n\n\n<p class=\"has-text-align-left\"><em>Laver son linge sale en public<\/em> est une s\u00e9rie de portrait en couleur qui fige les visages des personnes que l\u2019on peut croiser rapidement, au quotidien, quand on se rend dans une laverie. Cette s\u00e9rie a \u00e9t\u00e9 tr\u00e8s dure \u00e0 d\u00e9buter, faisant face \u00e0 de nombreux refus, j\u2019en suis venu \u00e0 penser que la sociabilit\u00e9 dans une laverie, \u00e9tait simplement le fantasme d\u2019un campagnard timide qui pensait que de la ville et de ses millions de visages, coulerait facilement des conversations et des sourires dans ces espaces publics mais clos que sont les laveries. Cependant, ces 5 personnes (\u00e0 minima), m\u2019ont fait mentir, je vous pr\u00e9sente leurs visages, leurs noms et leurs \u00e2ges, accompagn\u00e9s d\u2019une phrase qui m\u2019a marqu\u00e9 lors de nos conversations.<\/p>\n\n\n\n<p class=\"has-text-align-left\"><strong>Photo 1\u00a0:<\/strong> Michelle, 62 ans, \u00ab\u00a0Je suis en plein d\u00e9m\u00e9nagement, j\u2019ai plus le temps de lire\u00a0\u00bb<br><strong>Photo 2 :<\/strong> Eric, 50 ans, \u00ab\u00a0Je vais prendre la 34 pour s\u00e9cher, comme d\u2019hab\u00a0\u00bb\u00a0<br><strong>Photo 3\u00a0:<\/strong> Sylvie, 53 ans, \u00ab\u00a0Je peux me cacher derri\u00e8re mon livre\u00a0?\u00a0\u00bb<br><strong>Photo 4\u00a0: <\/strong>Elise, 48 ans, \u00ab\u00a0Je vous ai vu la semaine derni\u00e8re en passant devant\u00a0\u00bb<br><strong>Photo 5\u00a0:<\/strong> Sacha, 29 ans, \u00ab\u00a0Only in English please \u00bb<\/p>\n<\/div><\/div>\n\n\n\n<p><code><code><div id=\"envira-gallery-wrap-2840\" class=\"envira-gallery-wrap envira-gallery-theme-base envira-lightbox-theme-base\" itemscope itemtype=\"https:\/\/schema.org\/ImageGallery\"><div data-row-height=\"\" data-gallery-theme=\"\" id=\"envira-gallery-2840\" class=\"envira-gallery-public  envira-gallery-2-columns envira-clear enviratope envira-gallery-css-animations\" data-envira-columns=\"2\"><div id=\"envira-gallery-item-2842\" class=\"envira-gallery-item enviratope-item envira-gallery-item-1 envira-lazy-load\" style=\"padding-left: 8px; padding-bottom: 15px; padding-right: 8px;\"  itemscope itemtype=\"https:\/\/schema.org\/ImageObject\"><div class=\"envira-gallery-item-inner\"><div class=\"envira-gallery-position-overlay  envira-gallery-top-left\"><\/div><div class=\"envira-gallery-position-overlay  envira-gallery-top-right\"><\/div><div class=\"envira-gallery-position-overlay  envira-gallery-bottom-left\"><\/div><div class=\"envira-gallery-position-overlay  envira-gallery-bottom-right\"><\/div><a href=\"https:\/\/photo-u-paris.fr\/wp-content\/uploads\/2026\/04\/FOURNIER_Noe_5.jpeg\" class=\"envira-gallery-2840 envira-gallery-link\" rel=\"enviragallery2840\" title=\"1\" data-envira-caption=\"1\" data-envira-retina=\"\" data-thumbnail=\"\"  itemprop=\"contentUrl\"><div class=\"envira-lazy\" data-test-width=\"640\" data-test-height=\"480\" style=\"padding-bottom:75%;\"><img decoding=\"async\" id=\"envira-gallery-image-2842\" class=\"envira-gallery-image envira-gallery-image-1\" data-envira-index=\"1\" src=\"https:\/\/photo-u-paris.fr\/wp-content\/uploads\/2026\/04\/FOURNIER_Noe_5-1024x683.jpeg\" data-envira-src=\"https:\/\/photo-u-paris.fr\/wp-content\/uploads\/2026\/04\/FOURNIER_Noe_5-1024x683.jpeg\" data-envira-gallery-id=\"2840\" data-envira-item-id=\"2842\" data-envira-caption=\"1\" alt=\"\" title=\"1\"  itemprop=\"thumbnailUrl\" data-envira-srcset=\"https:\/\/photo-u-paris.fr\/wp-content\/uploads\/2026\/04\/FOURNIER_Noe_5-1024x683.jpeg 400w,https:\/\/photo-u-paris.fr\/wp-content\/uploads\/2026\/04\/FOURNIER_Noe_5-1024x683.jpeg 2x\" srcset=\"data:image\/gif;base64,R0lGODlhAQABAIAAAP\/\/\/\/\/\/\/yH5BAEKAAEALAAAAAABAAEAAAICTAEAOw==\" \/><\/div><\/a><\/div><\/div><div id=\"envira-gallery-item-2843\" class=\"envira-gallery-item enviratope-item envira-gallery-item-2 envira-lazy-load\" style=\"padding-left: 8px; padding-bottom: 15px; padding-right: 8px;\"  itemscope itemtype=\"https:\/\/schema.org\/ImageObject\"><div class=\"envira-gallery-item-inner\"><div class=\"envira-gallery-position-overlay  envira-gallery-top-left\"><\/div><div class=\"envira-gallery-position-overlay  envira-gallery-top-right\"><\/div><div class=\"envira-gallery-position-overlay  envira-gallery-bottom-left\"><\/div><div class=\"envira-gallery-position-overlay  envira-gallery-bottom-right\"><\/div><a href=\"https:\/\/photo-u-paris.fr\/wp-content\/uploads\/2026\/04\/FOURNIER_Noe_3.jpeg\" class=\"envira-gallery-2840 envira-gallery-link\" rel=\"enviragallery2840\" title=\"2\" data-envira-caption=\"2\" data-envira-retina=\"\" data-thumbnail=\"\"  itemprop=\"contentUrl\"><div class=\"envira-lazy\" data-test-width=\"640\" data-test-height=\"480\" style=\"padding-bottom:75%;\"><img decoding=\"async\" id=\"envira-gallery-image-2843\" class=\"envira-gallery-image envira-gallery-image-2\" data-envira-index=\"2\" src=\"https:\/\/photo-u-paris.fr\/wp-content\/uploads\/2026\/04\/FOURNIER_Noe_3-1024x683.jpeg\" data-envira-src=\"https:\/\/photo-u-paris.fr\/wp-content\/uploads\/2026\/04\/FOURNIER_Noe_3-1024x683.jpeg\" data-envira-gallery-id=\"2840\" data-envira-item-id=\"2843\" data-envira-caption=\"2\" alt=\"\" title=\"2\"  itemprop=\"thumbnailUrl\" data-envira-srcset=\"https:\/\/photo-u-paris.fr\/wp-content\/uploads\/2026\/04\/FOURNIER_Noe_3-1024x683.jpeg 400w,https:\/\/photo-u-paris.fr\/wp-content\/uploads\/2026\/04\/FOURNIER_Noe_3-1024x683.jpeg 2x\" srcset=\"data:image\/gif;base64,R0lGODlhAQABAIAAAP\/\/\/\/\/\/\/yH5BAEKAAEALAAAAAABAAEAAAICTAEAOw==\" \/><\/div><\/a><\/div><\/div><div id=\"envira-gallery-item-2844\" class=\"envira-gallery-item enviratope-item envira-gallery-item-3 envira-lazy-load\" style=\"padding-left: 8px; padding-bottom: 15px; padding-right: 8px;\"  itemscope itemtype=\"https:\/\/schema.org\/ImageObject\"><div class=\"envira-gallery-item-inner\"><div class=\"envira-gallery-position-overlay  envira-gallery-top-left\"><\/div><div class=\"envira-gallery-position-overlay  envira-gallery-top-right\"><\/div><div class=\"envira-gallery-position-overlay  envira-gallery-bottom-left\"><\/div><div class=\"envira-gallery-position-overlay  envira-gallery-bottom-right\"><\/div><a href=\"https:\/\/photo-u-paris.fr\/wp-content\/uploads\/2026\/04\/FOURNIER_Noe_1.jpeg\" class=\"envira-gallery-2840 envira-gallery-link\" rel=\"enviragallery2840\" title=\"3\" data-envira-caption=\"3\" data-envira-retina=\"\" data-thumbnail=\"\"  itemprop=\"contentUrl\"><div class=\"envira-lazy\" data-test-width=\"640\" data-test-height=\"480\" style=\"padding-bottom:75%;\"><img decoding=\"async\" id=\"envira-gallery-image-2844\" class=\"envira-gallery-image envira-gallery-image-3\" data-envira-index=\"3\" src=\"https:\/\/photo-u-paris.fr\/wp-content\/uploads\/2026\/04\/FOURNIER_Noe_1-1024x683.jpeg\" data-envira-src=\"https:\/\/photo-u-paris.fr\/wp-content\/uploads\/2026\/04\/FOURNIER_Noe_1-1024x683.jpeg\" data-envira-gallery-id=\"2840\" data-envira-item-id=\"2844\" data-envira-caption=\"3\" alt=\"\" title=\"3\"  itemprop=\"thumbnailUrl\" data-envira-srcset=\"https:\/\/photo-u-paris.fr\/wp-content\/uploads\/2026\/04\/FOURNIER_Noe_1-1024x683.jpeg 400w,https:\/\/photo-u-paris.fr\/wp-content\/uploads\/2026\/04\/FOURNIER_Noe_1-1024x683.jpeg 2x\" srcset=\"data:image\/gif;base64,R0lGODlhAQABAIAAAP\/\/\/\/\/\/\/yH5BAEKAAEALAAAAAABAAEAAAICTAEAOw==\" \/><\/div><\/a><\/div><\/div><div id=\"envira-gallery-item-2845\" class=\"envira-gallery-item enviratope-item envira-gallery-item-4 envira-lazy-load\" style=\"padding-left: 8px; padding-bottom: 15px; padding-right: 8px;\"  itemscope itemtype=\"https:\/\/schema.org\/ImageObject\"><div class=\"envira-gallery-item-inner\"><div class=\"envira-gallery-position-overlay  envira-gallery-top-left\"><\/div><div class=\"envira-gallery-position-overlay  envira-gallery-top-right\"><\/div><div class=\"envira-gallery-position-overlay  envira-gallery-bottom-left\"><\/div><div class=\"envira-gallery-position-overlay  envira-gallery-bottom-right\"><\/div><a href=\"https:\/\/photo-u-paris.fr\/wp-content\/uploads\/2026\/04\/FOURNIER_Noe_4.jpeg\" class=\"envira-gallery-2840 envira-gallery-link\" rel=\"enviragallery2840\" title=\"4\" data-envira-caption=\"4\" data-envira-retina=\"\" data-thumbnail=\"\"  itemprop=\"contentUrl\"><div class=\"envira-lazy\" data-test-width=\"640\" data-test-height=\"480\" style=\"padding-bottom:75%;\"><img decoding=\"async\" id=\"envira-gallery-image-2845\" class=\"envira-gallery-image envira-gallery-image-4\" data-envira-index=\"4\" src=\"https:\/\/photo-u-paris.fr\/wp-content\/uploads\/2026\/04\/FOURNIER_Noe_4-1024x683.jpeg\" data-envira-src=\"https:\/\/photo-u-paris.fr\/wp-content\/uploads\/2026\/04\/FOURNIER_Noe_4-1024x683.jpeg\" data-envira-gallery-id=\"2840\" data-envira-item-id=\"2845\" data-envira-caption=\"4\" alt=\"\" title=\"4\"  itemprop=\"thumbnailUrl\" data-envira-srcset=\"https:\/\/photo-u-paris.fr\/wp-content\/uploads\/2026\/04\/FOURNIER_Noe_4-1024x683.jpeg 400w,https:\/\/photo-u-paris.fr\/wp-content\/uploads\/2026\/04\/FOURNIER_Noe_4-1024x683.jpeg 2x\" srcset=\"data:image\/gif;base64,R0lGODlhAQABAIAAAP\/\/\/\/\/\/\/yH5BAEKAAEALAAAAAABAAEAAAICTAEAOw==\" \/><\/div><\/a><\/div><\/div><div id=\"envira-gallery-item-2846\" class=\"envira-gallery-item enviratope-item envira-gallery-item-5 envira-lazy-load\" style=\"padding-left: 8px; padding-bottom: 15px; padding-right: 8px;\"  itemscope itemtype=\"https:\/\/schema.org\/ImageObject\"><div class=\"envira-gallery-item-inner\"><div class=\"envira-gallery-position-overlay  envira-gallery-top-left\"><\/div><div class=\"envira-gallery-position-overlay  envira-gallery-top-right\"><\/div><div class=\"envira-gallery-position-overlay  envira-gallery-bottom-left\"><\/div><div class=\"envira-gallery-position-overlay  envira-gallery-bottom-right\"><\/div><a href=\"https:\/\/photo-u-paris.fr\/wp-content\/uploads\/2026\/04\/FOURNIER_Noe_2.jpeg\" class=\"envira-gallery-2840 envira-gallery-link\" rel=\"enviragallery2840\" title=\"5\" data-envira-caption=\"5\" data-envira-retina=\"\" data-thumbnail=\"\"  itemprop=\"contentUrl\"><div class=\"envira-lazy\" data-test-width=\"640\" data-test-height=\"480\" style=\"padding-bottom:75%;\"><img decoding=\"async\" id=\"envira-gallery-image-2846\" class=\"envira-gallery-image envira-gallery-image-5\" data-envira-index=\"5\" src=\"https:\/\/photo-u-paris.fr\/wp-content\/uploads\/2026\/04\/FOURNIER_Noe_2-1024x683.jpeg\" data-envira-src=\"https:\/\/photo-u-paris.fr\/wp-content\/uploads\/2026\/04\/FOURNIER_Noe_2-1024x683.jpeg\" data-envira-gallery-id=\"2840\" data-envira-item-id=\"2846\" data-envira-caption=\"5\" alt=\"\" title=\"5\"  itemprop=\"thumbnailUrl\" data-envira-srcset=\"https:\/\/photo-u-paris.fr\/wp-content\/uploads\/2026\/04\/FOURNIER_Noe_2-1024x683.jpeg 400w,https:\/\/photo-u-paris.fr\/wp-content\/uploads\/2026\/04\/FOURNIER_Noe_2-1024x683.jpeg 2x\" srcset=\"data:image\/gif;base64,R0lGODlhAQABAIAAAP\/\/\/\/\/\/\/yH5BAEKAAEALAAAAAABAAEAAAICTAEAOw==\" \/><\/div><\/a><\/div><\/div><\/div><\/div><noscript><img decoding=\"async\" src=\"https:\/\/photo-u-paris.fr\/wp-content\/uploads\/2026\/04\/FOURNIER_Noe_5.jpeg\" alt=\"\" \/><img decoding=\"async\" src=\"https:\/\/photo-u-paris.fr\/wp-content\/uploads\/2026\/04\/FOURNIER_Noe_3.jpeg\" alt=\"\" \/><img decoding=\"async\" src=\"https:\/\/photo-u-paris.fr\/wp-content\/uploads\/2026\/04\/FOURNIER_Noe_1.jpeg\" alt=\"\" \/><img decoding=\"async\" src=\"https:\/\/photo-u-paris.fr\/wp-content\/uploads\/2026\/04\/FOURNIER_Noe_4.jpeg\" alt=\"\" \/><img decoding=\"async\" src=\"https:\/\/photo-u-paris.fr\/wp-content\/uploads\/2026\/04\/FOURNIER_Noe_2.jpeg\" alt=\"\" \/><\/noscript><\/code><a href=\"http:\/\/photo-u-paris.fr\/wp-admin\/post.php?post=206&amp;action=edit#\"><\/a><\/code><a href=\"http:\/\/photo-u-paris.fr\/wp-admin\/post.php?post=181&amp;action=edit#\"><\/a><\/p>\n\n\n\n<p><\/p>\n","protected":false},"excerpt":{"rendered":"<p>LAVER SON LINGE SALE EN PUBLIC Laver son linge sale en public est une s\u00e9rie de portrait en couleur qui fige les visages des personnes que l\u2019on peut croiser rapidement, au quotidien, quand on se rend dans une laverie. Cette <a href=\"https:\/\/photo-u-paris.fr\/index.php\/noe-fournier-l2-psychologie\/\"><\/p>\n<div class=\"read-more\">\n<p>Read more &#8250;<\/p>\n<\/div>\n<p><!-- end of .read-more --><\/a><\/p>\n","protected":false},"author":1,"featured_media":0,"parent":0,"menu_order":0,"comment_status":"closed","ping_status":"closed","template":"","meta":{"footnotes":""},"class_list":["post-2815","page","type-page","status-publish","hentry"],"_links":{"self":[{"href":"https:\/\/photo-u-paris.fr\/index.php\/wp-json\/wp\/v2\/pages\/2815","targetHints":{"allow":["GET"]}}],"collection":[{"href":"https:\/\/photo-u-paris.fr\/index.php\/wp-json\/wp\/v2\/pages"}],"about":[{"href":"https:\/\/photo-u-paris.fr\/index.php\/wp-json\/wp\/v2\/types\/page"}],"author":[{"embeddable":true,"href":"https:\/\/photo-u-paris.fr\/index.php\/wp-json\/wp\/v2\/users\/1"}],"replies":[{"embeddable":true,"href":"https:\/\/photo-u-paris.fr\/index.php\/wp-json\/wp\/v2\/comments?post=2815"}],"version-history":[{"count":4,"href":"https:\/\/photo-u-paris.fr\/index.php\/wp-json\/wp\/v2\/pages\/2815\/revisions"}],"predecessor-version":[{"id":2850,"href":"https:\/\/photo-u-paris.fr\/index.php\/wp-json\/wp\/v2\/pages\/2815\/revisions\/2850"}],"wp:attachment":[{"href":"https:\/\/photo-u-paris.fr\/index.php\/wp-json\/wp\/v2\/media?parent=2815"}],"curies":[{"name":"wp","href":"https:\/\/api.w.org\/{rel}","templated":true}]}}