{"id":2816,"date":"2026-04-06T18:06:04","date_gmt":"2026-04-06T16:06:04","guid":{"rendered":"https:\/\/photo-u-paris.fr\/?page_id=2816"},"modified":"2026-04-06T18:08:31","modified_gmt":"2026-04-06T16:08:31","slug":"enora-le-manach-l1-miashs","status":"publish","type":"page","link":"https:\/\/photo-u-paris.fr\/index.php\/enora-le-manach-l1-miashs\/","title":{"rendered":"Enora Le Manach\u00a0 | L1 MIASHS"},"content":{"rendered":"\n<h2 class=\"wp-block-heading has-text-align-center has-medium-font-size\">L&rsquo;ABSENCE<\/h2>\n\n\n\n<div class=\"wp-block-group\"><div class=\"wp-block-group__inner-container is-layout-flow wp-block-group-is-layout-flow\">\n<p><\/p>\n\n\n\n<p class=\"has-text-align-left\">Les lieux gardent \u00e9ternellement l\u2019empreinte d\u2019une personne qui les a travers\u00e9s, m\u00eame si cette personne n\u2019est plus physiquement pr\u00e9sente aujourd\u2019hui. \u00c0 travers ces cinq endroits, j\u2019ai cherch\u00e9 \u00e0 exprimer la persistance du lien malgr\u00e9 l\u2019absence de mon p\u00e8re. Cette s\u00e9rie interroge ainsi la mani\u00e8re dont la m\u00e9moire transforme les espaces ordinaires en lieux de souvenir et de pr\u00e9sence invisible. Elle invite \u00e0 ressentir \u00e0 la fois la pr\u00e9sence pass\u00e9e et l\u2019absence actuelle, faisant du lieu un t\u00e9moin silencieux de la m\u00e9moire et des \u00e9motions.<\/p>\n\n\n\n<p class=\"has-text-align-left\"><strong>Photo 1:<\/strong>\u00a0Randonn\u00e9e vers le banc\u00a0<br><strong>Photo 2:\u00a0<\/strong>Pause clope\u00a0<br><strong>Photo 3:<\/strong> Coin p\u00eache et discussion non-stop\u00a0<br><strong>Photo 4:<\/strong>\u00a0Raconte-nous une histoire<br><strong>Photo 5:<\/strong>\u00a0T&rsquo;as vue la sculpture l\u00e0-bas ?<\/p>\n<\/div><\/div>\n\n\n\n<p><code><code><div id=\"envira-gallery-wrap-2833\" class=\"envira-gallery-wrap envira-gallery-theme-base envira-lightbox-theme-base\" itemscope itemtype=\"https:\/\/schema.org\/ImageGallery\"><div data-row-height=\"\" data-gallery-theme=\"\" id=\"envira-gallery-2833\" class=\"envira-gallery-public  envira-gallery-2-columns envira-clear enviratope envira-gallery-css-animations\" data-envira-columns=\"2\"><div id=\"envira-gallery-item-2834\" class=\"envira-gallery-item enviratope-item envira-gallery-item-1 envira-lazy-load\" style=\"padding-left: 8px; padding-bottom: 15px; padding-right: 8px;\"  itemscope itemtype=\"https:\/\/schema.org\/ImageObject\"><div class=\"envira-gallery-item-inner\"><div class=\"envira-gallery-position-overlay  envira-gallery-top-left\"><\/div><div class=\"envira-gallery-position-overlay  envira-gallery-top-right\"><\/div><div class=\"envira-gallery-position-overlay  envira-gallery-bottom-left\"><\/div><div class=\"envira-gallery-position-overlay  envira-gallery-bottom-right\"><\/div><a href=\"https:\/\/photo-u-paris.fr\/wp-content\/uploads\/2026\/04\/photo1.Enora_.jpg\" class=\"envira-gallery-2833 envira-gallery-link\" rel=\"enviragallery2833\" title=\"photo1.Enora\" data-envira-caption=\"photo1.Enora\" data-envira-retina=\"\" data-thumbnail=\"\"  itemprop=\"contentUrl\"><div class=\"envira-lazy\" data-test-width=\"640\" data-test-height=\"480\" style=\"padding-bottom:75%;\"><img decoding=\"async\" id=\"envira-gallery-image-2834\" class=\"envira-gallery-image envira-gallery-image-1\" data-envira-index=\"1\" src=\"https:\/\/photo-u-paris.fr\/wp-content\/uploads\/2026\/04\/photo1.Enora_-1024x683.jpg\" data-envira-src=\"https:\/\/photo-u-paris.fr\/wp-content\/uploads\/2026\/04\/photo1.Enora_-1024x683.jpg\" data-envira-gallery-id=\"2833\" data-envira-item-id=\"2834\" data-envira-caption=\"photo1.Enora\" alt=\"\" title=\"photo1.Enora\"  itemprop=\"thumbnailUrl\" data-envira-srcset=\"https:\/\/photo-u-paris.fr\/wp-content\/uploads\/2026\/04\/photo1.Enora_-1024x683.jpg 400w,https:\/\/photo-u-paris.fr\/wp-content\/uploads\/2026\/04\/photo1.Enora_-1024x683.jpg 2x\" srcset=\"data:image\/gif;base64,R0lGODlhAQABAIAAAP\/\/\/\/\/\/\/yH5BAEKAAEALAAAAAABAAEAAAICTAEAOw==\" \/><\/div><\/a><\/div><\/div><div id=\"envira-gallery-item-2835\" class=\"envira-gallery-item enviratope-item envira-gallery-item-2 envira-lazy-load\" style=\"padding-left: 8px; padding-bottom: 15px; padding-right: 8px;\"  itemscope itemtype=\"https:\/\/schema.org\/ImageObject\"><div class=\"envira-gallery-item-inner\"><div class=\"envira-gallery-position-overlay  envira-gallery-top-left\"><\/div><div class=\"envira-gallery-position-overlay  envira-gallery-top-right\"><\/div><div class=\"envira-gallery-position-overlay  envira-gallery-bottom-left\"><\/div><div class=\"envira-gallery-position-overlay  envira-gallery-bottom-right\"><\/div><a href=\"https:\/\/photo-u-paris.fr\/wp-content\/uploads\/2026\/04\/photo2.Enora-2.jpg\" class=\"envira-gallery-2833 envira-gallery-link\" rel=\"enviragallery2833\" title=\"photo2.Enora 2\" data-envira-caption=\"photo2.Enora 2\" data-envira-retina=\"\" data-thumbnail=\"\"  itemprop=\"contentUrl\"><div class=\"envira-lazy\" data-test-width=\"640\" data-test-height=\"480\" style=\"padding-bottom:75%;\"><img decoding=\"async\" id=\"envira-gallery-image-2835\" class=\"envira-gallery-image envira-gallery-image-2\" data-envira-index=\"2\" src=\"https:\/\/photo-u-paris.fr\/wp-content\/uploads\/2026\/04\/photo2.Enora-2-1024x683.jpg\" data-envira-src=\"https:\/\/photo-u-paris.fr\/wp-content\/uploads\/2026\/04\/photo2.Enora-2-1024x683.jpg\" data-envira-gallery-id=\"2833\" data-envira-item-id=\"2835\" data-envira-caption=\"photo2.Enora 2\" alt=\"\" title=\"photo2.Enora 2\"  itemprop=\"thumbnailUrl\" data-envira-srcset=\"https:\/\/photo-u-paris.fr\/wp-content\/uploads\/2026\/04\/photo2.Enora-2-1024x683.jpg 400w,https:\/\/photo-u-paris.fr\/wp-content\/uploads\/2026\/04\/photo2.Enora-2-1024x683.jpg 2x\" srcset=\"data:image\/gif;base64,R0lGODlhAQABAIAAAP\/\/\/\/\/\/\/yH5BAEKAAEALAAAAAABAAEAAAICTAEAOw==\" \/><\/div><\/a><\/div><\/div><div id=\"envira-gallery-item-2836\" class=\"envira-gallery-item enviratope-item envira-gallery-item-3 envira-lazy-load\" style=\"padding-left: 8px; padding-bottom: 15px; padding-right: 8px;\"  itemscope itemtype=\"https:\/\/schema.org\/ImageObject\"><div class=\"envira-gallery-item-inner\"><div class=\"envira-gallery-position-overlay  envira-gallery-top-left\"><\/div><div class=\"envira-gallery-position-overlay  envira-gallery-top-right\"><\/div><div class=\"envira-gallery-position-overlay  envira-gallery-bottom-left\"><\/div><div class=\"envira-gallery-position-overlay  envira-gallery-bottom-right\"><\/div><a href=\"https:\/\/photo-u-paris.fr\/wp-content\/uploads\/2026\/04\/photo3.Enora_.jpg\" class=\"envira-gallery-2833 envira-gallery-link\" rel=\"enviragallery2833\" title=\"photo3.Enora\" data-envira-caption=\"photo3.Enora\" data-envira-retina=\"\" data-thumbnail=\"\"  itemprop=\"contentUrl\"><div class=\"envira-lazy\" data-test-width=\"640\" data-test-height=\"480\" style=\"padding-bottom:75%;\"><img decoding=\"async\" id=\"envira-gallery-image-2836\" class=\"envira-gallery-image envira-gallery-image-3\" data-envira-index=\"3\" src=\"https:\/\/photo-u-paris.fr\/wp-content\/uploads\/2026\/04\/photo3.Enora_-1024x683.jpg\" data-envira-src=\"https:\/\/photo-u-paris.fr\/wp-content\/uploads\/2026\/04\/photo3.Enora_-1024x683.jpg\" data-envira-gallery-id=\"2833\" data-envira-item-id=\"2836\" data-envira-caption=\"photo3.Enora\" alt=\"\" title=\"photo3.Enora\"  itemprop=\"thumbnailUrl\" data-envira-srcset=\"https:\/\/photo-u-paris.fr\/wp-content\/uploads\/2026\/04\/photo3.Enora_-1024x683.jpg 400w,https:\/\/photo-u-paris.fr\/wp-content\/uploads\/2026\/04\/photo3.Enora_-1024x683.jpg 2x\" srcset=\"data:image\/gif;base64,R0lGODlhAQABAIAAAP\/\/\/\/\/\/\/yH5BAEKAAEALAAAAAABAAEAAAICTAEAOw==\" \/><\/div><\/a><\/div><\/div><div id=\"envira-gallery-item-2837\" class=\"envira-gallery-item enviratope-item envira-gallery-item-4 envira-lazy-load\" style=\"padding-left: 8px; padding-bottom: 15px; padding-right: 8px;\"  itemscope itemtype=\"https:\/\/schema.org\/ImageObject\"><div class=\"envira-gallery-item-inner\"><div class=\"envira-gallery-position-overlay  envira-gallery-top-left\"><\/div><div class=\"envira-gallery-position-overlay  envira-gallery-top-right\"><\/div><div class=\"envira-gallery-position-overlay  envira-gallery-bottom-left\"><\/div><div class=\"envira-gallery-position-overlay  envira-gallery-bottom-right\"><\/div><a href=\"https:\/\/photo-u-paris.fr\/wp-content\/uploads\/2026\/04\/photo4.Enora_.jpg\" class=\"envira-gallery-2833 envira-gallery-link\" rel=\"enviragallery2833\" title=\"photo4.Enora\" data-envira-caption=\"photo4.Enora\" data-envira-retina=\"\" data-thumbnail=\"\"  itemprop=\"contentUrl\"><div class=\"envira-lazy\" data-test-width=\"640\" data-test-height=\"480\" style=\"padding-bottom:75%;\"><img decoding=\"async\" id=\"envira-gallery-image-2837\" class=\"envira-gallery-image envira-gallery-image-4\" data-envira-index=\"4\" src=\"https:\/\/photo-u-paris.fr\/wp-content\/uploads\/2026\/04\/photo4.Enora_-1024x683.jpg\" data-envira-src=\"https:\/\/photo-u-paris.fr\/wp-content\/uploads\/2026\/04\/photo4.Enora_-1024x683.jpg\" data-envira-gallery-id=\"2833\" data-envira-item-id=\"2837\" data-envira-caption=\"photo4.Enora\" alt=\"\" title=\"photo4.Enora\"  itemprop=\"thumbnailUrl\" data-envira-srcset=\"https:\/\/photo-u-paris.fr\/wp-content\/uploads\/2026\/04\/photo4.Enora_-1024x683.jpg 400w,https:\/\/photo-u-paris.fr\/wp-content\/uploads\/2026\/04\/photo4.Enora_-1024x683.jpg 2x\" srcset=\"data:image\/gif;base64,R0lGODlhAQABAIAAAP\/\/\/\/\/\/\/yH5BAEKAAEALAAAAAABAAEAAAICTAEAOw==\" \/><\/div><\/a><\/div><\/div><div id=\"envira-gallery-item-2838\" class=\"envira-gallery-item enviratope-item envira-gallery-item-5 envira-lazy-load\" style=\"padding-left: 8px; padding-bottom: 15px; padding-right: 8px;\"  itemscope itemtype=\"https:\/\/schema.org\/ImageObject\"><div class=\"envira-gallery-item-inner\"><div class=\"envira-gallery-position-overlay  envira-gallery-top-left\"><\/div><div class=\"envira-gallery-position-overlay  envira-gallery-top-right\"><\/div><div class=\"envira-gallery-position-overlay  envira-gallery-bottom-left\"><\/div><div class=\"envira-gallery-position-overlay  envira-gallery-bottom-right\"><\/div><a href=\"https:\/\/photo-u-paris.fr\/wp-content\/uploads\/2026\/04\/photo5.Enora_.jpg\" class=\"envira-gallery-2833 envira-gallery-link\" rel=\"enviragallery2833\" title=\"photo5.Enora\" data-envira-caption=\"photo5.Enora\" data-envira-retina=\"\" data-thumbnail=\"\"  itemprop=\"contentUrl\"><div class=\"envira-lazy\" data-test-width=\"640\" data-test-height=\"480\" style=\"padding-bottom:75%;\"><img decoding=\"async\" id=\"envira-gallery-image-2838\" class=\"envira-gallery-image envira-gallery-image-5\" data-envira-index=\"5\" src=\"https:\/\/photo-u-paris.fr\/wp-content\/uploads\/2026\/04\/photo5.Enora_-1024x683.jpg\" data-envira-src=\"https:\/\/photo-u-paris.fr\/wp-content\/uploads\/2026\/04\/photo5.Enora_-1024x683.jpg\" data-envira-gallery-id=\"2833\" data-envira-item-id=\"2838\" data-envira-caption=\"photo5.Enora\" alt=\"\" title=\"photo5.Enora\"  itemprop=\"thumbnailUrl\" data-envira-srcset=\"https:\/\/photo-u-paris.fr\/wp-content\/uploads\/2026\/04\/photo5.Enora_-1024x683.jpg 400w,https:\/\/photo-u-paris.fr\/wp-content\/uploads\/2026\/04\/photo5.Enora_-1024x683.jpg 2x\" srcset=\"data:image\/gif;base64,R0lGODlhAQABAIAAAP\/\/\/\/\/\/\/yH5BAEKAAEALAAAAAABAAEAAAICTAEAOw==\" \/><\/div><\/a><\/div><\/div><\/div><\/div><noscript><img decoding=\"async\" src=\"https:\/\/photo-u-paris.fr\/wp-content\/uploads\/2026\/04\/photo1.Enora_.jpg\" alt=\"\" \/><img decoding=\"async\" src=\"https:\/\/photo-u-paris.fr\/wp-content\/uploads\/2026\/04\/photo2.Enora-2.jpg\" alt=\"\" \/><img decoding=\"async\" src=\"https:\/\/photo-u-paris.fr\/wp-content\/uploads\/2026\/04\/photo3.Enora_.jpg\" alt=\"\" \/><img decoding=\"async\" src=\"https:\/\/photo-u-paris.fr\/wp-content\/uploads\/2026\/04\/photo4.Enora_.jpg\" alt=\"\" \/><img decoding=\"async\" src=\"https:\/\/photo-u-paris.fr\/wp-content\/uploads\/2026\/04\/photo5.Enora_.jpg\" alt=\"\" \/><\/noscript><\/code><a href=\"http:\/\/photo-u-paris.fr\/wp-admin\/post.php?post=206&amp;action=edit#\"><\/a><\/code><a href=\"http:\/\/photo-u-paris.fr\/wp-admin\/post.php?post=181&amp;action=edit#\"><\/a><\/p>\n","protected":false},"excerpt":{"rendered":"<p>L&rsquo;ABSENCE Les lieux gardent \u00e9ternellement l\u2019empreinte d\u2019une personne qui les a travers\u00e9s, m\u00eame si cette personne n\u2019est plus physiquement pr\u00e9sente aujourd\u2019hui. \u00c0 travers ces cinq endroits, j\u2019ai cherch\u00e9 \u00e0 exprimer la persistance du lien malgr\u00e9 l\u2019absence de mon p\u00e8re. Cette <a href=\"https:\/\/photo-u-paris.fr\/index.php\/enora-le-manach-l1-miashs\/\"><\/p>\n<div class=\"read-more\">\n<p>Read more &#8250;<\/p>\n<\/div>\n<p><!-- end of .read-more --><\/a><\/p>\n","protected":false},"author":1,"featured_media":0,"parent":0,"menu_order":0,"comment_status":"closed","ping_status":"closed","template":"","meta":{"footnotes":""},"class_list":["post-2816","page","type-page","status-publish","hentry"],"_links":{"self":[{"href":"https:\/\/photo-u-paris.fr\/index.php\/wp-json\/wp\/v2\/pages\/2816","targetHints":{"allow":["GET"]}}],"collection":[{"href":"https:\/\/photo-u-paris.fr\/index.php\/wp-json\/wp\/v2\/pages"}],"about":[{"href":"https:\/\/photo-u-paris.fr\/index.php\/wp-json\/wp\/v2\/types\/page"}],"author":[{"embeddable":true,"href":"https:\/\/photo-u-paris.fr\/index.php\/wp-json\/wp\/v2\/users\/1"}],"replies":[{"embeddable":true,"href":"https:\/\/photo-u-paris.fr\/index.php\/wp-json\/wp\/v2\/comments?post=2816"}],"version-history":[{"count":4,"href":"https:\/\/photo-u-paris.fr\/index.php\/wp-json\/wp\/v2\/pages\/2816\/revisions"}],"predecessor-version":[{"id":2839,"href":"https:\/\/photo-u-paris.fr\/index.php\/wp-json\/wp\/v2\/pages\/2816\/revisions\/2839"}],"wp:attachment":[{"href":"https:\/\/photo-u-paris.fr\/index.php\/wp-json\/wp\/v2\/media?parent=2816"}],"curies":[{"name":"wp","href":"https:\/\/api.w.org\/{rel}","templated":true}]}}