{"id":2873,"date":"2026-04-06T20:43:44","date_gmt":"2026-04-06T18:43:44","guid":{"rendered":"https:\/\/photo-u-paris.fr\/?page_id=2873"},"modified":"2026-04-06T20:43:44","modified_gmt":"2026-04-06T18:43:44","slug":"olympe-etienne-quetel-l3-sciences-sociales","status":"publish","type":"page","link":"https:\/\/photo-u-paris.fr\/index.php\/olympe-etienne-quetel-l3-sciences-sociales\/","title":{"rendered":"Olympe Etienne Quetel | L3 Sciences sociales"},"content":{"rendered":"\n<h2 class=\"wp-block-heading has-text-align-center has-medium-font-size\">PR\u00c9SENCES FURTIVES<\/h2>\n\n\n\n<div class=\"wp-block-group\"><div class=\"wp-block-group__inner-container is-layout-flow wp-block-group-is-layout-flow\">\n<p><\/p>\n\n\n\n<p class=\"has-text-align-left\">\u00ab\u00a0La cam\u00e9ra est un instrument qui enseigne aux gens comment voir sans cam\u00e9ra.\u00a0\u00bb\u2013 Doroth\u00e9e Lange<\/p>\n\n\n\n<p class=\"has-text-align-left\">Ce projet consiste \u00e0 r\u00e9aliser une s\u00e9rie documentaire de cinq photographies en noir et blanc dans le RER B. L\u2019objectif est de capter des moments de vie sans mise en sc\u00e8ne afin de r\u00e9v\u00e9ler la dimension humaine et sociale de ce lieu de transit. Ces photos sont inspir\u00e9es et reli\u00e9es aux paroles d&rsquo;une chanson de TIM D&rsquo;UP intitul\u00e9e \u00ab\u00a0TER centre\u00a0\u00bb \u00e9voquant les \u00e9l\u00e9ments cach\u00e9s et po\u00e9tiques des transports en commun. J&rsquo;esp\u00e8re r\u00e9ussir \u00e0 d\u00e9montrer que dans la r\u00e9p\u00e9tition de nos trajets quotidiens \u00e9mergent des gestes familiers, des marques de passage, des regards et des instants suspendus.<\/p>\n<\/div><\/div>\n\n\n\n<p><code><code><div id=\"envira-gallery-wrap-2909\" class=\"envira-gallery-wrap envira-gallery-theme-base envira-lightbox-theme-base\" itemscope itemtype=\"https:\/\/schema.org\/ImageGallery\"><div data-row-height=\"\" data-gallery-theme=\"\" id=\"envira-gallery-2909\" class=\"envira-gallery-public  envira-gallery-2-columns envira-clear enviratope envira-gallery-css-animations\" data-envira-columns=\"2\"><div id=\"envira-gallery-item-2910\" class=\"envira-gallery-item enviratope-item envira-gallery-item-1 envira-lazy-load\" style=\"padding-left: 8px; padding-bottom: 15px; padding-right: 8px;\"  itemscope itemtype=\"https:\/\/schema.org\/ImageObject\"><div class=\"envira-gallery-item-inner\"><div class=\"envira-gallery-position-overlay  envira-gallery-top-left\"><\/div><div class=\"envira-gallery-position-overlay  envira-gallery-top-right\"><\/div><div class=\"envira-gallery-position-overlay  envira-gallery-bottom-left\"><\/div><div class=\"envira-gallery-position-overlay  envira-gallery-bottom-right\"><\/div><a href=\"https:\/\/photo-u-paris.fr\/wp-content\/uploads\/2026\/04\/1-olympe.etienne.L3.SHS_.jpg\" class=\"envira-gallery-2909 envira-gallery-link\" rel=\"enviragallery2909\" title=\"1-olympe.etienne.L3.SHS\" data-envira-caption=\"1-olympe.etienne.L3.SHS\" data-envira-retina=\"\" data-thumbnail=\"\"  itemprop=\"contentUrl\"><div class=\"envira-lazy\" data-test-width=\"640\" data-test-height=\"480\" style=\"padding-bottom:75%;\"><img decoding=\"async\" id=\"envira-gallery-image-2910\" class=\"envira-gallery-image envira-gallery-image-1\" data-envira-index=\"1\" src=\"https:\/\/photo-u-paris.fr\/wp-content\/uploads\/2026\/04\/1-olympe.etienne.L3.SHS_-1024x726.jpg\" data-envira-src=\"https:\/\/photo-u-paris.fr\/wp-content\/uploads\/2026\/04\/1-olympe.etienne.L3.SHS_-1024x726.jpg\" data-envira-gallery-id=\"2909\" data-envira-item-id=\"2910\" data-envira-caption=\"1-olympe.etienne.L3.SHS\" alt=\"\" title=\"1-olympe.etienne.L3.SHS\"  itemprop=\"thumbnailUrl\" data-envira-srcset=\"https:\/\/photo-u-paris.fr\/wp-content\/uploads\/2026\/04\/1-olympe.etienne.L3.SHS_-1024x726.jpg 400w,https:\/\/photo-u-paris.fr\/wp-content\/uploads\/2026\/04\/1-olympe.etienne.L3.SHS_-1024x726.jpg 2x\" srcset=\"data:image\/gif;base64,R0lGODlhAQABAIAAAP\/\/\/\/\/\/\/yH5BAEKAAEALAAAAAABAAEAAAICTAEAOw==\" \/><\/div><\/a><\/div><\/div><div id=\"envira-gallery-item-2912\" class=\"envira-gallery-item enviratope-item envira-gallery-item-2 envira-lazy-load\" style=\"padding-left: 8px; padding-bottom: 15px; padding-right: 8px;\"  itemscope itemtype=\"https:\/\/schema.org\/ImageObject\"><div class=\"envira-gallery-item-inner\"><div class=\"envira-gallery-position-overlay  envira-gallery-top-left\"><\/div><div class=\"envira-gallery-position-overlay  envira-gallery-top-right\"><\/div><div class=\"envira-gallery-position-overlay  envira-gallery-bottom-left\"><\/div><div class=\"envira-gallery-position-overlay  envira-gallery-bottom-right\"><\/div><a href=\"https:\/\/photo-u-paris.fr\/wp-content\/uploads\/2026\/04\/2-olympe.etienne.L3.SHS_-1.jpg\" class=\"envira-gallery-2909 envira-gallery-link\" rel=\"enviragallery2909\" title=\"2-olympe.etienne.L3.SHS\" data-envira-caption=\"2-olympe.etienne.L3.SHS\" data-envira-retina=\"\" data-thumbnail=\"\"  itemprop=\"contentUrl\"><div class=\"envira-lazy\" data-test-width=\"640\" data-test-height=\"480\" style=\"padding-bottom:75%;\"><img decoding=\"async\" id=\"envira-gallery-image-2912\" class=\"envira-gallery-image envira-gallery-image-2\" data-envira-index=\"2\" src=\"https:\/\/photo-u-paris.fr\/wp-content\/uploads\/2026\/04\/2-olympe.etienne.L3.SHS_-1-1024x726.jpg\" data-envira-src=\"https:\/\/photo-u-paris.fr\/wp-content\/uploads\/2026\/04\/2-olympe.etienne.L3.SHS_-1-1024x726.jpg\" data-envira-gallery-id=\"2909\" data-envira-item-id=\"2912\" data-envira-caption=\"2-olympe.etienne.L3.SHS\" alt=\"\" title=\"2-olympe.etienne.L3.SHS\"  itemprop=\"thumbnailUrl\" data-envira-srcset=\"https:\/\/photo-u-paris.fr\/wp-content\/uploads\/2026\/04\/2-olympe.etienne.L3.SHS_-1-1024x726.jpg 400w,https:\/\/photo-u-paris.fr\/wp-content\/uploads\/2026\/04\/2-olympe.etienne.L3.SHS_-1-1024x726.jpg 2x\" srcset=\"data:image\/gif;base64,R0lGODlhAQABAIAAAP\/\/\/\/\/\/\/yH5BAEKAAEALAAAAAABAAEAAAICTAEAOw==\" \/><\/div><\/a><\/div><\/div><div id=\"envira-gallery-item-2913\" class=\"envira-gallery-item enviratope-item envira-gallery-item-3 envira-lazy-load\" style=\"padding-left: 8px; padding-bottom: 15px; padding-right: 8px;\"  itemscope itemtype=\"https:\/\/schema.org\/ImageObject\"><div class=\"envira-gallery-item-inner\"><div class=\"envira-gallery-position-overlay  envira-gallery-top-left\"><\/div><div class=\"envira-gallery-position-overlay  envira-gallery-top-right\"><\/div><div class=\"envira-gallery-position-overlay  envira-gallery-bottom-left\"><\/div><div class=\"envira-gallery-position-overlay  envira-gallery-bottom-right\"><\/div><a href=\"https:\/\/photo-u-paris.fr\/wp-content\/uploads\/2026\/04\/3-olympe.etienne.L3.SHS_.jpg\" class=\"envira-gallery-2909 envira-gallery-link\" rel=\"enviragallery2909\" title=\"3-olympe.etienne.L3.SHS\" data-envira-caption=\"3-olympe.etienne.L3.SHS\" data-envira-retina=\"\" data-thumbnail=\"\"  itemprop=\"contentUrl\"><div class=\"envira-lazy\" data-test-width=\"640\" data-test-height=\"480\" style=\"padding-bottom:75%;\"><img decoding=\"async\" id=\"envira-gallery-image-2913\" class=\"envira-gallery-image envira-gallery-image-3\" data-envira-index=\"3\" src=\"https:\/\/photo-u-paris.fr\/wp-content\/uploads\/2026\/04\/3-olympe.etienne.L3.SHS_-1024x726.jpg\" data-envira-src=\"https:\/\/photo-u-paris.fr\/wp-content\/uploads\/2026\/04\/3-olympe.etienne.L3.SHS_-1024x726.jpg\" data-envira-gallery-id=\"2909\" data-envira-item-id=\"2913\" data-envira-caption=\"3-olympe.etienne.L3.SHS\" alt=\"\" title=\"3-olympe.etienne.L3.SHS\"  itemprop=\"thumbnailUrl\" data-envira-srcset=\"https:\/\/photo-u-paris.fr\/wp-content\/uploads\/2026\/04\/3-olympe.etienne.L3.SHS_-1024x726.jpg 400w,https:\/\/photo-u-paris.fr\/wp-content\/uploads\/2026\/04\/3-olympe.etienne.L3.SHS_-1024x726.jpg 2x\" srcset=\"data:image\/gif;base64,R0lGODlhAQABAIAAAP\/\/\/\/\/\/\/yH5BAEKAAEALAAAAAABAAEAAAICTAEAOw==\" \/><\/div><\/a><\/div><\/div><div id=\"envira-gallery-item-2914\" class=\"envira-gallery-item enviratope-item envira-gallery-item-4 envira-lazy-load\" style=\"padding-left: 8px; padding-bottom: 15px; padding-right: 8px;\"  itemscope itemtype=\"https:\/\/schema.org\/ImageObject\"><div class=\"envira-gallery-item-inner\"><div class=\"envira-gallery-position-overlay  envira-gallery-top-left\"><\/div><div class=\"envira-gallery-position-overlay  envira-gallery-top-right\"><\/div><div class=\"envira-gallery-position-overlay  envira-gallery-bottom-left\"><\/div><div class=\"envira-gallery-position-overlay  envira-gallery-bottom-right\"><\/div><a href=\"https:\/\/photo-u-paris.fr\/wp-content\/uploads\/2026\/04\/4-olympe.etienne.L3.SHS_.jpg\" class=\"envira-gallery-2909 envira-gallery-link\" rel=\"enviragallery2909\" title=\"4-olympe.etienne.L3.SHS\" data-envira-caption=\"4-olympe.etienne.L3.SHS\" data-envira-retina=\"\" data-thumbnail=\"\"  itemprop=\"contentUrl\"><div class=\"envira-lazy\" data-test-width=\"640\" data-test-height=\"480\" style=\"padding-bottom:75%;\"><img decoding=\"async\" id=\"envira-gallery-image-2914\" class=\"envira-gallery-image envira-gallery-image-4\" data-envira-index=\"4\" src=\"https:\/\/photo-u-paris.fr\/wp-content\/uploads\/2026\/04\/4-olympe.etienne.L3.SHS_-1024x726.jpg\" data-envira-src=\"https:\/\/photo-u-paris.fr\/wp-content\/uploads\/2026\/04\/4-olympe.etienne.L3.SHS_-1024x726.jpg\" data-envira-gallery-id=\"2909\" data-envira-item-id=\"2914\" data-envira-caption=\"4-olympe.etienne.L3.SHS\" alt=\"\" title=\"4-olympe.etienne.L3.SHS\"  itemprop=\"thumbnailUrl\" data-envira-srcset=\"https:\/\/photo-u-paris.fr\/wp-content\/uploads\/2026\/04\/4-olympe.etienne.L3.SHS_-1024x726.jpg 400w,https:\/\/photo-u-paris.fr\/wp-content\/uploads\/2026\/04\/4-olympe.etienne.L3.SHS_-1024x726.jpg 2x\" srcset=\"data:image\/gif;base64,R0lGODlhAQABAIAAAP\/\/\/\/\/\/\/yH5BAEKAAEALAAAAAABAAEAAAICTAEAOw==\" \/><\/div><\/a><\/div><\/div><div id=\"envira-gallery-item-2915\" class=\"envira-gallery-item enviratope-item envira-gallery-item-5 envira-lazy-load\" style=\"padding-left: 8px; padding-bottom: 15px; padding-right: 8px;\"  itemscope itemtype=\"https:\/\/schema.org\/ImageObject\"><div class=\"envira-gallery-item-inner\"><div class=\"envira-gallery-position-overlay  envira-gallery-top-left\"><\/div><div class=\"envira-gallery-position-overlay  envira-gallery-top-right\"><\/div><div class=\"envira-gallery-position-overlay  envira-gallery-bottom-left\"><\/div><div class=\"envira-gallery-position-overlay  envira-gallery-bottom-right\"><\/div><a href=\"https:\/\/photo-u-paris.fr\/wp-content\/uploads\/2026\/04\/5-olympe.etienne.L3.SHS_.jpg\" class=\"envira-gallery-2909 envira-gallery-link\" rel=\"enviragallery2909\" title=\"5-olympe.etienne.L3.SHS\" data-envira-caption=\"5-olympe.etienne.L3.SHS\" data-envira-retina=\"\" data-thumbnail=\"\"  itemprop=\"contentUrl\"><div class=\"envira-lazy\" data-test-width=\"640\" data-test-height=\"480\" style=\"padding-bottom:75%;\"><img decoding=\"async\" id=\"envira-gallery-image-2915\" class=\"envira-gallery-image envira-gallery-image-5\" data-envira-index=\"5\" src=\"https:\/\/photo-u-paris.fr\/wp-content\/uploads\/2026\/04\/5-olympe.etienne.L3.SHS_-1024x726.jpg\" data-envira-src=\"https:\/\/photo-u-paris.fr\/wp-content\/uploads\/2026\/04\/5-olympe.etienne.L3.SHS_-1024x726.jpg\" data-envira-gallery-id=\"2909\" data-envira-item-id=\"2915\" data-envira-caption=\"5-olympe.etienne.L3.SHS\" alt=\"\" title=\"5-olympe.etienne.L3.SHS\"  itemprop=\"thumbnailUrl\" data-envira-srcset=\"https:\/\/photo-u-paris.fr\/wp-content\/uploads\/2026\/04\/5-olympe.etienne.L3.SHS_-1024x726.jpg 400w,https:\/\/photo-u-paris.fr\/wp-content\/uploads\/2026\/04\/5-olympe.etienne.L3.SHS_-1024x726.jpg 2x\" srcset=\"data:image\/gif;base64,R0lGODlhAQABAIAAAP\/\/\/\/\/\/\/yH5BAEKAAEALAAAAAABAAEAAAICTAEAOw==\" \/><\/div><\/a><\/div><\/div><\/div><\/div><noscript><img decoding=\"async\" src=\"https:\/\/photo-u-paris.fr\/wp-content\/uploads\/2026\/04\/1-olympe.etienne.L3.SHS_.jpg\" alt=\"\" \/><img decoding=\"async\" src=\"https:\/\/photo-u-paris.fr\/wp-content\/uploads\/2026\/04\/2-olympe.etienne.L3.SHS_-1.jpg\" alt=\"\" \/><img decoding=\"async\" src=\"https:\/\/photo-u-paris.fr\/wp-content\/uploads\/2026\/04\/3-olympe.etienne.L3.SHS_.jpg\" alt=\"\" \/><img decoding=\"async\" src=\"https:\/\/photo-u-paris.fr\/wp-content\/uploads\/2026\/04\/4-olympe.etienne.L3.SHS_.jpg\" alt=\"\" \/><img decoding=\"async\" src=\"https:\/\/photo-u-paris.fr\/wp-content\/uploads\/2026\/04\/5-olympe.etienne.L3.SHS_.jpg\" alt=\"\" \/><\/noscript><\/code><a href=\"http:\/\/photo-u-paris.fr\/wp-admin\/post.php?post=206&amp;action=edit#\"><\/a><\/code><a href=\"http:\/\/photo-u-paris.fr\/wp-admin\/post.php?post=181&amp;action=edit#\"><\/a><\/p>\n","protected":false},"excerpt":{"rendered":"<p>PR\u00c9SENCES FURTIVES \u00ab\u00a0La cam\u00e9ra est un instrument qui enseigne aux gens comment voir sans cam\u00e9ra.\u00a0\u00bb\u2013 Doroth\u00e9e Lange Ce projet consiste \u00e0 r\u00e9aliser une s\u00e9rie documentaire de cinq photographies en noir et blanc dans le RER B. L\u2019objectif est de capter <a href=\"https:\/\/photo-u-paris.fr\/index.php\/olympe-etienne-quetel-l3-sciences-sociales\/\"><\/p>\n<div class=\"read-more\">\n<p>Read more &#8250;<\/p>\n<\/div>\n<p><!-- end of .read-more --><\/a><\/p>\n","protected":false},"author":1,"featured_media":0,"parent":0,"menu_order":0,"comment_status":"closed","ping_status":"closed","template":"","meta":{"footnotes":""},"class_list":["post-2873","page","type-page","status-publish","hentry"],"_links":{"self":[{"href":"https:\/\/photo-u-paris.fr\/index.php\/wp-json\/wp\/v2\/pages\/2873","targetHints":{"allow":["GET"]}}],"collection":[{"href":"https:\/\/photo-u-paris.fr\/index.php\/wp-json\/wp\/v2\/pages"}],"about":[{"href":"https:\/\/photo-u-paris.fr\/index.php\/wp-json\/wp\/v2\/types\/page"}],"author":[{"embeddable":true,"href":"https:\/\/photo-u-paris.fr\/index.php\/wp-json\/wp\/v2\/users\/1"}],"replies":[{"embeddable":true,"href":"https:\/\/photo-u-paris.fr\/index.php\/wp-json\/wp\/v2\/comments?post=2873"}],"version-history":[{"count":3,"href":"https:\/\/photo-u-paris.fr\/index.php\/wp-json\/wp\/v2\/pages\/2873\/revisions"}],"predecessor-version":[{"id":2917,"href":"https:\/\/photo-u-paris.fr\/index.php\/wp-json\/wp\/v2\/pages\/2873\/revisions\/2917"}],"wp:attachment":[{"href":"https:\/\/photo-u-paris.fr\/index.php\/wp-json\/wp\/v2\/media?parent=2873"}],"curies":[{"name":"wp","href":"https:\/\/api.w.org\/{rel}","templated":true}]}}