{"id":2935,"date":"2026-04-07T13:26:08","date_gmt":"2026-04-07T11:26:08","guid":{"rendered":"https:\/\/photo-u-paris.fr\/?page_id=2935"},"modified":"2026-04-07T13:30:30","modified_gmt":"2026-04-07T11:30:30","slug":"alicia-riga-l1-llcer-japonais","status":"publish","type":"page","link":"https:\/\/photo-u-paris.fr\/index.php\/alicia-riga-l1-llcer-japonais\/","title":{"rendered":"Alicia Riga\u00a0 | L1 LLCER Japonais"},"content":{"rendered":"\n<h2 class=\"wp-block-heading has-text-align-center has-medium-font-size\">INSTANT DE VIE<\/h2>\n\n\n\n<div class=\"wp-block-group\"><div class=\"wp-block-group__inner-container is-layout-flow wp-block-group-is-layout-flow\">\n<p><\/p>\n\n\n\n<p class=\"has-text-align-left\"><br>Cette s\u00e9rie capture la beaut\u00e9 des moments simples et sinc\u00e8res du quotidien. \u00c0 travers ces images, les regards, les sourires et les gestes racontent des histoires d\u2019\u00e9change, de complicit\u00e9 et de partage. Chaque sc\u00e8ne r\u00e9v\u00e8le une \u00e9motion authentique, suspendue dans le temps. La convivialit\u00e9 et la chaleur humaine s\u2019y m\u00ealent, cr\u00e9ant une atmosph\u00e8re intime et vivante. Cette s\u00e9rie nous rappelle que ce sont souvent les instants les plus ordinaires qui deviennent les plus pr\u00e9cieux\u00a0<\/p>\n<\/div><\/div>\n\n\n\n<p><code><code><div id=\"envira-gallery-wrap-2959\" class=\"envira-gallery-wrap envira-gallery-theme-base envira-lightbox-theme-base\" itemscope itemtype=\"https:\/\/schema.org\/ImageGallery\"><div data-row-height=\"\" data-gallery-theme=\"\" id=\"envira-gallery-2959\" class=\"envira-gallery-public  envira-gallery-2-columns envira-clear enviratope envira-gallery-css-animations\" data-envira-columns=\"2\"><div id=\"envira-gallery-item-2964\" class=\"envira-gallery-item enviratope-item envira-gallery-item-1 envira-lazy-load\" style=\"padding-left: 8px; padding-bottom: 15px; padding-right: 8px;\"  itemscope itemtype=\"https:\/\/schema.org\/ImageObject\"><div class=\"envira-gallery-item-inner\"><div class=\"envira-gallery-position-overlay  envira-gallery-top-left\"><\/div><div class=\"envira-gallery-position-overlay  envira-gallery-top-right\"><\/div><div class=\"envira-gallery-position-overlay  envira-gallery-bottom-left\"><\/div><div class=\"envira-gallery-position-overlay  envira-gallery-bottom-right\"><\/div><a href=\"https:\/\/photo-u-paris.fr\/wp-content\/uploads\/2026\/04\/p01_alicia.riga_.jpeg\" class=\"envira-gallery-2959 envira-gallery-link\" rel=\"enviragallery2959\" title=\"p01_alicia.riga\" data-envira-caption=\"p01_alicia.riga\" data-envira-retina=\"\" data-thumbnail=\"\"  itemprop=\"contentUrl\"><div class=\"envira-lazy\" data-test-width=\"640\" data-test-height=\"480\" style=\"padding-bottom:75%;\"><img decoding=\"async\" id=\"envira-gallery-image-2964\" class=\"envira-gallery-image envira-gallery-image-1\" data-envira-index=\"1\" src=\"https:\/\/photo-u-paris.fr\/wp-content\/uploads\/2026\/04\/p01_alicia.riga_-1024x683.jpeg\" data-envira-src=\"https:\/\/photo-u-paris.fr\/wp-content\/uploads\/2026\/04\/p01_alicia.riga_-1024x683.jpeg\" data-envira-gallery-id=\"2959\" data-envira-item-id=\"2964\" data-envira-caption=\"p01_alicia.riga\" alt=\"\" title=\"p01_alicia.riga\"  itemprop=\"thumbnailUrl\" data-envira-srcset=\"https:\/\/photo-u-paris.fr\/wp-content\/uploads\/2026\/04\/p01_alicia.riga_-1024x683.jpeg 400w,https:\/\/photo-u-paris.fr\/wp-content\/uploads\/2026\/04\/p01_alicia.riga_-1024x683.jpeg 2x\" srcset=\"data:image\/gif;base64,R0lGODlhAQABAIAAAP\/\/\/\/\/\/\/yH5BAEKAAEALAAAAAABAAEAAAICTAEAOw==\" \/><\/div><\/a><\/div><\/div><div id=\"envira-gallery-item-2965\" class=\"envira-gallery-item enviratope-item envira-gallery-item-2 envira-lazy-load\" style=\"padding-left: 8px; padding-bottom: 15px; padding-right: 8px;\"  itemscope itemtype=\"https:\/\/schema.org\/ImageObject\"><div class=\"envira-gallery-item-inner\"><div class=\"envira-gallery-position-overlay  envira-gallery-top-left\"><\/div><div class=\"envira-gallery-position-overlay  envira-gallery-top-right\"><\/div><div class=\"envira-gallery-position-overlay  envira-gallery-bottom-left\"><\/div><div class=\"envira-gallery-position-overlay  envira-gallery-bottom-right\"><\/div><a href=\"https:\/\/photo-u-paris.fr\/wp-content\/uploads\/2026\/04\/p02_alicia.riga_.jpeg\" class=\"envira-gallery-2959 envira-gallery-link\" rel=\"enviragallery2959\" title=\"p02_alicia.riga\" data-envira-caption=\"p02_alicia.riga\" data-envira-retina=\"\" data-thumbnail=\"\"  itemprop=\"contentUrl\"><div class=\"envira-lazy\" data-test-width=\"640\" data-test-height=\"480\" style=\"padding-bottom:75%;\"><img decoding=\"async\" id=\"envira-gallery-image-2965\" class=\"envira-gallery-image envira-gallery-image-2\" data-envira-index=\"2\" src=\"https:\/\/photo-u-paris.fr\/wp-content\/uploads\/2026\/04\/p02_alicia.riga_-1024x683.jpeg\" data-envira-src=\"https:\/\/photo-u-paris.fr\/wp-content\/uploads\/2026\/04\/p02_alicia.riga_-1024x683.jpeg\" data-envira-gallery-id=\"2959\" data-envira-item-id=\"2965\" data-envira-caption=\"p02_alicia.riga\" alt=\"\" title=\"p02_alicia.riga\"  itemprop=\"thumbnailUrl\" data-envira-srcset=\"https:\/\/photo-u-paris.fr\/wp-content\/uploads\/2026\/04\/p02_alicia.riga_-1024x683.jpeg 400w,https:\/\/photo-u-paris.fr\/wp-content\/uploads\/2026\/04\/p02_alicia.riga_-1024x683.jpeg 2x\" srcset=\"data:image\/gif;base64,R0lGODlhAQABAIAAAP\/\/\/\/\/\/\/yH5BAEKAAEALAAAAAABAAEAAAICTAEAOw==\" \/><\/div><\/a><\/div><\/div><div id=\"envira-gallery-item-2966\" class=\"envira-gallery-item enviratope-item envira-gallery-item-3 envira-lazy-load\" style=\"padding-left: 8px; padding-bottom: 15px; padding-right: 8px;\"  itemscope itemtype=\"https:\/\/schema.org\/ImageObject\"><div class=\"envira-gallery-item-inner\"><div class=\"envira-gallery-position-overlay  envira-gallery-top-left\"><\/div><div class=\"envira-gallery-position-overlay  envira-gallery-top-right\"><\/div><div class=\"envira-gallery-position-overlay  envira-gallery-bottom-left\"><\/div><div class=\"envira-gallery-position-overlay  envira-gallery-bottom-right\"><\/div><a href=\"https:\/\/photo-u-paris.fr\/wp-content\/uploads\/2026\/04\/p03_alicia.riga_.jpeg\" class=\"envira-gallery-2959 envira-gallery-link\" rel=\"enviragallery2959\" title=\"p03_alicia.riga\" data-envira-caption=\"p03_alicia.riga\" data-envira-retina=\"\" data-thumbnail=\"\"  itemprop=\"contentUrl\"><div class=\"envira-lazy\" data-test-width=\"640\" data-test-height=\"480\" style=\"padding-bottom:75%;\"><img decoding=\"async\" id=\"envira-gallery-image-2966\" class=\"envira-gallery-image envira-gallery-image-3\" data-envira-index=\"3\" src=\"https:\/\/photo-u-paris.fr\/wp-content\/uploads\/2026\/04\/p03_alicia.riga_-1024x683.jpeg\" data-envira-src=\"https:\/\/photo-u-paris.fr\/wp-content\/uploads\/2026\/04\/p03_alicia.riga_-1024x683.jpeg\" data-envira-gallery-id=\"2959\" data-envira-item-id=\"2966\" data-envira-caption=\"p03_alicia.riga\" alt=\"\" title=\"p03_alicia.riga\"  itemprop=\"thumbnailUrl\" data-envira-srcset=\"https:\/\/photo-u-paris.fr\/wp-content\/uploads\/2026\/04\/p03_alicia.riga_-1024x683.jpeg 400w,https:\/\/photo-u-paris.fr\/wp-content\/uploads\/2026\/04\/p03_alicia.riga_-1024x683.jpeg 2x\" srcset=\"data:image\/gif;base64,R0lGODlhAQABAIAAAP\/\/\/\/\/\/\/yH5BAEKAAEALAAAAAABAAEAAAICTAEAOw==\" \/><\/div><\/a><\/div><\/div><div id=\"envira-gallery-item-2967\" class=\"envira-gallery-item enviratope-item envira-gallery-item-4 envira-lazy-load\" style=\"padding-left: 8px; padding-bottom: 15px; padding-right: 8px;\"  itemscope itemtype=\"https:\/\/schema.org\/ImageObject\"><div class=\"envira-gallery-item-inner\"><div class=\"envira-gallery-position-overlay  envira-gallery-top-left\"><\/div><div class=\"envira-gallery-position-overlay  envira-gallery-top-right\"><\/div><div class=\"envira-gallery-position-overlay  envira-gallery-bottom-left\"><\/div><div class=\"envira-gallery-position-overlay  envira-gallery-bottom-right\"><\/div><a href=\"https:\/\/photo-u-paris.fr\/wp-content\/uploads\/2026\/04\/p04_alicia.riga_.jpeg\" class=\"envira-gallery-2959 envira-gallery-link\" rel=\"enviragallery2959\" title=\"p04_alicia.riga\" data-envira-caption=\"p04_alicia.riga\" data-envira-retina=\"\" data-thumbnail=\"\"  itemprop=\"contentUrl\"><div class=\"envira-lazy\" data-test-width=\"640\" data-test-height=\"480\" style=\"padding-bottom:75%;\"><img decoding=\"async\" id=\"envira-gallery-image-2967\" class=\"envira-gallery-image envira-gallery-image-4\" data-envira-index=\"4\" src=\"https:\/\/photo-u-paris.fr\/wp-content\/uploads\/2026\/04\/p04_alicia.riga_-1024x683.jpeg\" data-envira-src=\"https:\/\/photo-u-paris.fr\/wp-content\/uploads\/2026\/04\/p04_alicia.riga_-1024x683.jpeg\" data-envira-gallery-id=\"2959\" data-envira-item-id=\"2967\" data-envira-caption=\"p04_alicia.riga\" alt=\"\" title=\"p04_alicia.riga\"  itemprop=\"thumbnailUrl\" data-envira-srcset=\"https:\/\/photo-u-paris.fr\/wp-content\/uploads\/2026\/04\/p04_alicia.riga_-1024x683.jpeg 400w,https:\/\/photo-u-paris.fr\/wp-content\/uploads\/2026\/04\/p04_alicia.riga_-1024x683.jpeg 2x\" srcset=\"data:image\/gif;base64,R0lGODlhAQABAIAAAP\/\/\/\/\/\/\/yH5BAEKAAEALAAAAAABAAEAAAICTAEAOw==\" \/><\/div><\/a><\/div><\/div><div id=\"envira-gallery-item-2968\" class=\"envira-gallery-item enviratope-item envira-gallery-item-5 envira-lazy-load\" style=\"padding-left: 8px; padding-bottom: 15px; padding-right: 8px;\"  itemscope itemtype=\"https:\/\/schema.org\/ImageObject\"><div class=\"envira-gallery-item-inner\"><div class=\"envira-gallery-position-overlay  envira-gallery-top-left\"><\/div><div class=\"envira-gallery-position-overlay  envira-gallery-top-right\"><\/div><div class=\"envira-gallery-position-overlay  envira-gallery-bottom-left\"><\/div><div class=\"envira-gallery-position-overlay  envira-gallery-bottom-right\"><\/div><a href=\"https:\/\/photo-u-paris.fr\/wp-content\/uploads\/2026\/04\/p05_alicia.riga_.jpeg\" class=\"envira-gallery-2959 envira-gallery-link\" rel=\"enviragallery2959\" title=\"p05_alicia.riga\" data-envira-caption=\"p05_alicia.riga\" data-envira-retina=\"\" data-thumbnail=\"\"  itemprop=\"contentUrl\"><div class=\"envira-lazy\" data-test-width=\"640\" data-test-height=\"480\" style=\"padding-bottom:75%;\"><img decoding=\"async\" id=\"envira-gallery-image-2968\" class=\"envira-gallery-image envira-gallery-image-5\" data-envira-index=\"5\" src=\"https:\/\/photo-u-paris.fr\/wp-content\/uploads\/2026\/04\/p05_alicia.riga_-1024x683.jpeg\" data-envira-src=\"https:\/\/photo-u-paris.fr\/wp-content\/uploads\/2026\/04\/p05_alicia.riga_-1024x683.jpeg\" data-envira-gallery-id=\"2959\" data-envira-item-id=\"2968\" data-envira-caption=\"p05_alicia.riga\" alt=\"\" title=\"p05_alicia.riga\"  itemprop=\"thumbnailUrl\" data-envira-srcset=\"https:\/\/photo-u-paris.fr\/wp-content\/uploads\/2026\/04\/p05_alicia.riga_-1024x683.jpeg 400w,https:\/\/photo-u-paris.fr\/wp-content\/uploads\/2026\/04\/p05_alicia.riga_-1024x683.jpeg 2x\" srcset=\"data:image\/gif;base64,R0lGODlhAQABAIAAAP\/\/\/\/\/\/\/yH5BAEKAAEALAAAAAABAAEAAAICTAEAOw==\" \/><\/div><\/a><\/div><\/div><\/div><\/div><noscript><img decoding=\"async\" src=\"https:\/\/photo-u-paris.fr\/wp-content\/uploads\/2026\/04\/p01_alicia.riga_.jpeg\" alt=\"\" \/><img decoding=\"async\" src=\"https:\/\/photo-u-paris.fr\/wp-content\/uploads\/2026\/04\/p02_alicia.riga_.jpeg\" alt=\"\" \/><img decoding=\"async\" src=\"https:\/\/photo-u-paris.fr\/wp-content\/uploads\/2026\/04\/p03_alicia.riga_.jpeg\" alt=\"\" \/><img decoding=\"async\" src=\"https:\/\/photo-u-paris.fr\/wp-content\/uploads\/2026\/04\/p04_alicia.riga_.jpeg\" alt=\"\" \/><img decoding=\"async\" src=\"https:\/\/photo-u-paris.fr\/wp-content\/uploads\/2026\/04\/p05_alicia.riga_.jpeg\" alt=\"\" \/><\/noscript><\/code><a href=\"http:\/\/photo-u-paris.fr\/wp-admin\/post.php?post=206&amp;action=edit#\"><\/a><\/code><a href=\"http:\/\/photo-u-paris.fr\/wp-admin\/post.php?post=181&amp;action=edit#\"><\/a><\/p>\n","protected":false},"excerpt":{"rendered":"<p>INSTANT DE VIE Cette s\u00e9rie capture la beaut\u00e9 des moments simples et sinc\u00e8res du quotidien. \u00c0 travers ces images, les regards, les sourires et les gestes racontent des histoires d\u2019\u00e9change, de complicit\u00e9 et de partage. Chaque sc\u00e8ne r\u00e9v\u00e8le une \u00e9motion <a href=\"https:\/\/photo-u-paris.fr\/index.php\/alicia-riga-l1-llcer-japonais\/\"><\/p>\n<div class=\"read-more\">\n<p>Read more &#8250;<\/p>\n<\/div>\n<p><!-- end of .read-more --><\/a><\/p>\n","protected":false},"author":1,"featured_media":0,"parent":0,"menu_order":0,"comment_status":"closed","ping_status":"closed","template":"","meta":{"footnotes":""},"class_list":["post-2935","page","type-page","status-publish","hentry"],"_links":{"self":[{"href":"https:\/\/photo-u-paris.fr\/index.php\/wp-json\/wp\/v2\/pages\/2935","targetHints":{"allow":["GET"]}}],"collection":[{"href":"https:\/\/photo-u-paris.fr\/index.php\/wp-json\/wp\/v2\/pages"}],"about":[{"href":"https:\/\/photo-u-paris.fr\/index.php\/wp-json\/wp\/v2\/types\/page"}],"author":[{"embeddable":true,"href":"https:\/\/photo-u-paris.fr\/index.php\/wp-json\/wp\/v2\/users\/1"}],"replies":[{"embeddable":true,"href":"https:\/\/photo-u-paris.fr\/index.php\/wp-json\/wp\/v2\/comments?post=2935"}],"version-history":[{"count":4,"href":"https:\/\/photo-u-paris.fr\/index.php\/wp-json\/wp\/v2\/pages\/2935\/revisions"}],"predecessor-version":[{"id":2963,"href":"https:\/\/photo-u-paris.fr\/index.php\/wp-json\/wp\/v2\/pages\/2935\/revisions\/2963"}],"wp:attachment":[{"href":"https:\/\/photo-u-paris.fr\/index.php\/wp-json\/wp\/v2\/media?parent=2935"}],"curies":[{"name":"wp","href":"https:\/\/api.w.org\/{rel}","templated":true}]}}