{"id":2936,"date":"2026-04-07T13:20:56","date_gmt":"2026-04-07T11:20:56","guid":{"rendered":"https:\/\/photo-u-paris.fr\/?page_id=2936"},"modified":"2026-04-07T22:44:08","modified_gmt":"2026-04-07T20:44:08","slug":"camille-luce-l3-sciences-sociales","status":"publish","type":"page","link":"https:\/\/photo-u-paris.fr\/index.php\/camille-luce-l3-sciences-sociales\/","title":{"rendered":"Camille Luce | L3 Sciences sociales"},"content":{"rendered":"\n<h2 class=\"wp-block-heading has-text-align-center has-medium-font-size\">LES GRAFFITIS, UNE PRATIQUE ARTISTIQUE URBAINE STRUCTURANTE<\/h2>\n\n\n\n<div class=\"wp-block-group\"><div class=\"wp-block-group__inner-container is-layout-flow wp-block-group-is-layout-flow\">\n<p><\/p>\n\n\n\n<p>Cette s\u00e9rie de photos s\u2019inscrit dans le champ de la photographie de rue. Tout comme la street photography, cette s\u00e9rie nous am\u00e8ne \u00e0 penser le graffiti en tant que pratique artistique urbaine \u00e9voquant la culture hip-hop. Les couleurs vives et contrast\u00e9s de ces photographies illuminent l&rsquo;aspect \u00ab\u00a0expressif et revendicatif\u00a0\u00bb de cet art dans l&rsquo;espace public. \u00a0En jouant avec les formes g\u00e9om\u00e9triques des graffitis et en composant de mani\u00e8re \u00e0 respecter la r\u00e8gle des tiers, les ombres et les diagonales cr\u00e9ent des lignes de fuites assez marqu\u00e9es et renforcent le caract\u00e8re \u00ab\u00a0brutale\u00a0\u00bb et structurant des graffitis dans l\u2019espace. La superposition des plans \u00e9voque la mani\u00e8re dont s\u2019imbrique ce street art dans le paysage urbain. La composition et l&rsquo;angle de vue de ces photographies donnent ainsi l&rsquo;impression que les graffitis interagissent avec l\u2019environnement dans lequel ils se trouvent.<br><\/p>\n<\/div><\/div>\n\n\n\n<p><code><code><div id=\"envira-gallery-wrap-2949\" class=\"envira-gallery-wrap envira-gallery-theme-base envira-lightbox-theme-base\" itemscope itemtype=\"https:\/\/schema.org\/ImageGallery\"><div data-row-height=\"\" data-gallery-theme=\"\" id=\"envira-gallery-2949\" class=\"envira-gallery-public  envira-gallery-2-columns envira-clear enviratope envira-gallery-css-animations\" data-envira-columns=\"2\"><div id=\"envira-gallery-item-2950\" class=\"envira-gallery-item enviratope-item envira-gallery-item-1 envira-lazy-load\" style=\"padding-left: 8px; padding-bottom: 15px; padding-right: 8px;\"  itemscope itemtype=\"https:\/\/schema.org\/ImageObject\"><div class=\"envira-gallery-item-inner\"><div class=\"envira-gallery-position-overlay  envira-gallery-top-left\"><\/div><div class=\"envira-gallery-position-overlay  envira-gallery-top-right\"><\/div><div class=\"envira-gallery-position-overlay  envira-gallery-bottom-left\"><\/div><div class=\"envira-gallery-position-overlay  envira-gallery-bottom-right\"><\/div><a href=\"https:\/\/photo-u-paris.fr\/wp-content\/uploads\/2026\/04\/IMG_05.jpg\" class=\"envira-gallery-2949 envira-gallery-link\" rel=\"enviragallery2949\" title=\"IMG_05\" data-envira-caption=\"IMG_05\" data-envira-retina=\"\" data-thumbnail=\"\"  itemprop=\"contentUrl\"><div class=\"envira-lazy\" data-test-width=\"640\" data-test-height=\"480\" style=\"padding-bottom:75%;\"><img decoding=\"async\" id=\"envira-gallery-image-2950\" class=\"envira-gallery-image envira-gallery-image-1\" data-envira-index=\"1\" src=\"https:\/\/photo-u-paris.fr\/wp-content\/uploads\/2026\/04\/IMG_05-1024x683.jpg\" data-envira-src=\"https:\/\/photo-u-paris.fr\/wp-content\/uploads\/2026\/04\/IMG_05-1024x683.jpg\" data-envira-gallery-id=\"2949\" data-envira-item-id=\"2950\" data-envira-caption=\"IMG_05\" alt=\"\" title=\"IMG_05\"  itemprop=\"thumbnailUrl\" data-envira-srcset=\"https:\/\/photo-u-paris.fr\/wp-content\/uploads\/2026\/04\/IMG_05-1024x683.jpg 400w,https:\/\/photo-u-paris.fr\/wp-content\/uploads\/2026\/04\/IMG_05-1024x683.jpg 2x\" srcset=\"data:image\/gif;base64,R0lGODlhAQABAIAAAP\/\/\/\/\/\/\/yH5BAEKAAEALAAAAAABAAEAAAICTAEAOw==\" \/><\/div><\/a><\/div><\/div><div id=\"envira-gallery-item-2951\" class=\"envira-gallery-item enviratope-item envira-gallery-item-2 envira-lazy-load\" style=\"padding-left: 8px; padding-bottom: 15px; padding-right: 8px;\"  itemscope itemtype=\"https:\/\/schema.org\/ImageObject\"><div class=\"envira-gallery-item-inner\"><div class=\"envira-gallery-position-overlay  envira-gallery-top-left\"><\/div><div class=\"envira-gallery-position-overlay  envira-gallery-top-right\"><\/div><div class=\"envira-gallery-position-overlay  envira-gallery-bottom-left\"><\/div><div class=\"envira-gallery-position-overlay  envira-gallery-bottom-right\"><\/div><a href=\"https:\/\/photo-u-paris.fr\/wp-content\/uploads\/2026\/04\/IMG_03.jpg\" class=\"envira-gallery-2949 envira-gallery-link\" rel=\"enviragallery2949\" title=\"IMG_03\" data-envira-caption=\"IMG_03\" data-envira-retina=\"\" data-thumbnail=\"\"  itemprop=\"contentUrl\"><div class=\"envira-lazy\" data-test-width=\"640\" data-test-height=\"480\" style=\"padding-bottom:75%;\"><img decoding=\"async\" id=\"envira-gallery-image-2951\" class=\"envira-gallery-image envira-gallery-image-2\" data-envira-index=\"2\" src=\"https:\/\/photo-u-paris.fr\/wp-content\/uploads\/2026\/04\/IMG_03-1024x683.jpg\" data-envira-src=\"https:\/\/photo-u-paris.fr\/wp-content\/uploads\/2026\/04\/IMG_03-1024x683.jpg\" data-envira-gallery-id=\"2949\" data-envira-item-id=\"2951\" data-envira-caption=\"IMG_03\" alt=\"\" title=\"IMG_03\"  itemprop=\"thumbnailUrl\" data-envira-srcset=\"https:\/\/photo-u-paris.fr\/wp-content\/uploads\/2026\/04\/IMG_03-1024x683.jpg 400w,https:\/\/photo-u-paris.fr\/wp-content\/uploads\/2026\/04\/IMG_03-1024x683.jpg 2x\" srcset=\"data:image\/gif;base64,R0lGODlhAQABAIAAAP\/\/\/\/\/\/\/yH5BAEKAAEALAAAAAABAAEAAAICTAEAOw==\" \/><\/div><\/a><\/div><\/div><div id=\"envira-gallery-item-2952\" class=\"envira-gallery-item enviratope-item envira-gallery-item-3 envira-lazy-load\" style=\"padding-left: 8px; padding-bottom: 15px; padding-right: 8px;\"  itemscope itemtype=\"https:\/\/schema.org\/ImageObject\"><div class=\"envira-gallery-item-inner\"><div class=\"envira-gallery-position-overlay  envira-gallery-top-left\"><\/div><div class=\"envira-gallery-position-overlay  envira-gallery-top-right\"><\/div><div class=\"envira-gallery-position-overlay  envira-gallery-bottom-left\"><\/div><div class=\"envira-gallery-position-overlay  envira-gallery-bottom-right\"><\/div><a href=\"https:\/\/photo-u-paris.fr\/wp-content\/uploads\/2026\/04\/IMG_02.jpg\" class=\"envira-gallery-2949 envira-gallery-link\" rel=\"enviragallery2949\" title=\"IMG_02\" data-envira-caption=\"IMG_02\" data-envira-retina=\"\" data-thumbnail=\"\"  itemprop=\"contentUrl\"><div class=\"envira-lazy\" data-test-width=\"640\" data-test-height=\"480\" style=\"padding-bottom:75%;\"><img decoding=\"async\" id=\"envira-gallery-image-2952\" class=\"envira-gallery-image envira-gallery-image-3\" data-envira-index=\"3\" src=\"https:\/\/photo-u-paris.fr\/wp-content\/uploads\/2026\/04\/IMG_02-1024x683.jpg\" data-envira-src=\"https:\/\/photo-u-paris.fr\/wp-content\/uploads\/2026\/04\/IMG_02-1024x683.jpg\" data-envira-gallery-id=\"2949\" data-envira-item-id=\"2952\" data-envira-caption=\"IMG_02\" alt=\"\" title=\"IMG_02\"  itemprop=\"thumbnailUrl\" data-envira-srcset=\"https:\/\/photo-u-paris.fr\/wp-content\/uploads\/2026\/04\/IMG_02-1024x683.jpg 400w,https:\/\/photo-u-paris.fr\/wp-content\/uploads\/2026\/04\/IMG_02-1024x683.jpg 2x\" srcset=\"data:image\/gif;base64,R0lGODlhAQABAIAAAP\/\/\/\/\/\/\/yH5BAEKAAEALAAAAAABAAEAAAICTAEAOw==\" \/><\/div><\/a><\/div><\/div><div id=\"envira-gallery-item-2957\" class=\"envira-gallery-item enviratope-item envira-gallery-item-4 envira-lazy-load\" style=\"padding-left: 8px; padding-bottom: 15px; padding-right: 8px;\"  itemscope itemtype=\"https:\/\/schema.org\/ImageObject\"><div class=\"envira-gallery-item-inner\"><div class=\"envira-gallery-position-overlay  envira-gallery-top-left\"><\/div><div class=\"envira-gallery-position-overlay  envira-gallery-top-right\"><\/div><div class=\"envira-gallery-position-overlay  envira-gallery-bottom-left\"><\/div><div class=\"envira-gallery-position-overlay  envira-gallery-bottom-right\"><\/div><a href=\"https:\/\/photo-u-paris.fr\/wp-content\/uploads\/2026\/04\/IMG_01-1.jpg\" class=\"envira-gallery-2949 envira-gallery-link\" rel=\"enviragallery2949\" title=\"IMG_01+\" data-envira-caption=\"IMG_01+\" data-envira-retina=\"\" data-thumbnail=\"\"  itemprop=\"contentUrl\"><div class=\"envira-lazy\" data-test-width=\"640\" data-test-height=\"480\" style=\"padding-bottom:75%;\"><img decoding=\"async\" id=\"envira-gallery-image-2957\" class=\"envira-gallery-image envira-gallery-image-4\" data-envira-index=\"4\" src=\"https:\/\/photo-u-paris.fr\/wp-content\/uploads\/2026\/04\/IMG_01-1-1024x683.jpg\" data-envira-src=\"https:\/\/photo-u-paris.fr\/wp-content\/uploads\/2026\/04\/IMG_01-1-1024x683.jpg\" data-envira-gallery-id=\"2949\" data-envira-item-id=\"2957\" data-envira-caption=\"IMG_01+\" alt=\"\" title=\"IMG_01+\"  itemprop=\"thumbnailUrl\" data-envira-srcset=\"https:\/\/photo-u-paris.fr\/wp-content\/uploads\/2026\/04\/IMG_01-1-1024x683.jpg 400w,https:\/\/photo-u-paris.fr\/wp-content\/uploads\/2026\/04\/IMG_01-1-1024x683.jpg 2x\" srcset=\"data:image\/gif;base64,R0lGODlhAQABAIAAAP\/\/\/\/\/\/\/yH5BAEKAAEALAAAAAABAAEAAAICTAEAOw==\" \/><\/div><\/a><\/div><\/div><div id=\"envira-gallery-item-2954\" class=\"envira-gallery-item enviratope-item envira-gallery-item-5 envira-lazy-load\" style=\"padding-left: 8px; padding-bottom: 15px; padding-right: 8px;\"  itemscope itemtype=\"https:\/\/schema.org\/ImageObject\"><div class=\"envira-gallery-item-inner\"><div class=\"envira-gallery-position-overlay  envira-gallery-top-left\"><\/div><div class=\"envira-gallery-position-overlay  envira-gallery-top-right\"><\/div><div class=\"envira-gallery-position-overlay  envira-gallery-bottom-left\"><\/div><div class=\"envira-gallery-position-overlay  envira-gallery-bottom-right\"><\/div><a href=\"https:\/\/photo-u-paris.fr\/wp-content\/uploads\/2026\/04\/IMG_04.jpg\" class=\"envira-gallery-2949 envira-gallery-link\" rel=\"enviragallery2949\" title=\"IMG_04\" data-envira-caption=\"IMG_04\" data-envira-retina=\"\" data-thumbnail=\"\"  itemprop=\"contentUrl\"><div class=\"envira-lazy\" data-test-width=\"640\" data-test-height=\"480\" style=\"padding-bottom:75%;\"><img decoding=\"async\" id=\"envira-gallery-image-2954\" class=\"envira-gallery-image envira-gallery-image-5\" data-envira-index=\"5\" src=\"https:\/\/photo-u-paris.fr\/wp-content\/uploads\/2026\/04\/IMG_04-1024x683.jpg\" data-envira-src=\"https:\/\/photo-u-paris.fr\/wp-content\/uploads\/2026\/04\/IMG_04-1024x683.jpg\" data-envira-gallery-id=\"2949\" data-envira-item-id=\"2954\" data-envira-caption=\"IMG_04\" alt=\"\" title=\"IMG_04\"  itemprop=\"thumbnailUrl\" data-envira-srcset=\"https:\/\/photo-u-paris.fr\/wp-content\/uploads\/2026\/04\/IMG_04-1024x683.jpg 400w,https:\/\/photo-u-paris.fr\/wp-content\/uploads\/2026\/04\/IMG_04-1024x683.jpg 2x\" srcset=\"data:image\/gif;base64,R0lGODlhAQABAIAAAP\/\/\/\/\/\/\/yH5BAEKAAEALAAAAAABAAEAAAICTAEAOw==\" \/><\/div><\/a><\/div><\/div><\/div><\/div><noscript><img decoding=\"async\" src=\"https:\/\/photo-u-paris.fr\/wp-content\/uploads\/2026\/04\/IMG_05.jpg\" alt=\"\" \/><img decoding=\"async\" src=\"https:\/\/photo-u-paris.fr\/wp-content\/uploads\/2026\/04\/IMG_03.jpg\" alt=\"\" \/><img decoding=\"async\" src=\"https:\/\/photo-u-paris.fr\/wp-content\/uploads\/2026\/04\/IMG_02.jpg\" alt=\"\" \/><img decoding=\"async\" src=\"https:\/\/photo-u-paris.fr\/wp-content\/uploads\/2026\/04\/IMG_01-1.jpg\" alt=\"\" \/><img decoding=\"async\" src=\"https:\/\/photo-u-paris.fr\/wp-content\/uploads\/2026\/04\/IMG_04.jpg\" alt=\"\" \/><\/noscript><\/code><a href=\"http:\/\/photo-u-paris.fr\/wp-admin\/post.php?post=206&amp;action=edit#\"><\/a><\/code><a href=\"http:\/\/photo-u-paris.fr\/wp-admin\/post.php?post=181&amp;action=edit#\"><\/a><\/p>\n","protected":false},"excerpt":{"rendered":"<p>LES GRAFFITIS, UNE PRATIQUE ARTISTIQUE URBAINE STRUCTURANTE Cette s\u00e9rie de photos s\u2019inscrit dans le champ de la photographie de rue. Tout comme la street photography, cette s\u00e9rie nous am\u00e8ne \u00e0 penser le graffiti en tant que pratique artistique urbaine \u00e9voquant <a href=\"https:\/\/photo-u-paris.fr\/index.php\/camille-luce-l3-sciences-sociales\/\"><\/p>\n<div class=\"read-more\">\n<p>Read more &#8250;<\/p>\n<\/div>\n<p><!-- end of .read-more --><\/a><\/p>\n","protected":false},"author":1,"featured_media":0,"parent":0,"menu_order":0,"comment_status":"closed","ping_status":"closed","template":"","meta":{"footnotes":""},"class_list":["post-2936","page","type-page","status-publish","hentry"],"_links":{"self":[{"href":"https:\/\/photo-u-paris.fr\/index.php\/wp-json\/wp\/v2\/pages\/2936","targetHints":{"allow":["GET"]}}],"collection":[{"href":"https:\/\/photo-u-paris.fr\/index.php\/wp-json\/wp\/v2\/pages"}],"about":[{"href":"https:\/\/photo-u-paris.fr\/index.php\/wp-json\/wp\/v2\/types\/page"}],"author":[{"embeddable":true,"href":"https:\/\/photo-u-paris.fr\/index.php\/wp-json\/wp\/v2\/users\/1"}],"replies":[{"embeddable":true,"href":"https:\/\/photo-u-paris.fr\/index.php\/wp-json\/wp\/v2\/comments?post=2936"}],"version-history":[{"count":3,"href":"https:\/\/photo-u-paris.fr\/index.php\/wp-json\/wp\/v2\/pages\/2936\/revisions"}],"predecessor-version":[{"id":2980,"href":"https:\/\/photo-u-paris.fr\/index.php\/wp-json\/wp\/v2\/pages\/2936\/revisions\/2980"}],"wp:attachment":[{"href":"https:\/\/photo-u-paris.fr\/index.php\/wp-json\/wp\/v2\/media?parent=2936"}],"curies":[{"name":"wp","href":"https:\/\/api.w.org\/{rel}","templated":true}]}}