{"id":2937,"date":"2026-04-07T12:46:02","date_gmt":"2026-04-07T10:46:02","guid":{"rendered":"https:\/\/photo-u-paris.fr\/?page_id=2937"},"modified":"2026-04-07T22:47:56","modified_gmt":"2026-04-07T20:47:56","slug":"valentin-cuissot-l1-sciences-de-la-vie","status":"publish","type":"page","link":"https:\/\/photo-u-paris.fr\/index.php\/valentin-cuissot-l1-sciences-de-la-vie\/","title":{"rendered":"Valentin Cuissot\u00a0 | L1 Sciences de la vie"},"content":{"rendered":"\n<h2 class=\"wp-block-heading has-text-align-center has-medium-font-size\">APR\u00c8S LE MARCH\u00c9<\/h2>\n\n\n\n<div class=\"wp-block-group\"><div class=\"wp-block-group__inner-container is-layout-flow wp-block-group-is-layout-flow\">\n<p><\/p>\n\n\n\n<p class=\"has-text-align-left\">L\u2019id\u00e9e de ces cinq photos est de chercher une esth\u00e9tique crue dans ce que l\u2019on consid\u00e8re habituellement comme des d\u00e9chets. Ici on ne regarde pas les restes du march\u00e9 comme la trace d\u2019une agitation nettoy\u00e9e en coup de vent, mais on se penche plut\u00f4t sur ce que l\u2019on peut raconter \u00e0 travers une approche brute de ce cours laps de temps pendant lequel on observe un chaos organis\u00e9.<\/p>\n<\/div><\/div>\n\n\n\n<p><code><code><div id=\"envira-gallery-wrap-2940\" class=\"envira-gallery-wrap envira-gallery-theme-base envira-lightbox-theme-base\" itemscope itemtype=\"https:\/\/schema.org\/ImageGallery\"><div data-row-height=\"\" data-gallery-theme=\"\" id=\"envira-gallery-2940\" class=\"envira-gallery-public  envira-gallery-2-columns envira-clear enviratope envira-gallery-css-animations\" data-envira-columns=\"2\"><div id=\"envira-gallery-item-2983\" class=\"envira-gallery-item enviratope-item envira-gallery-item-1 envira-lazy-load\" style=\"padding-left: 8px; padding-bottom: 15px; padding-right: 8px;\"  itemscope itemtype=\"https:\/\/schema.org\/ImageObject\"><div class=\"envira-gallery-item-inner\"><div class=\"envira-gallery-position-overlay  envira-gallery-top-left\"><\/div><div class=\"envira-gallery-position-overlay  envira-gallery-top-right\"><\/div><div class=\"envira-gallery-position-overlay  envira-gallery-bottom-left\"><\/div><div class=\"envira-gallery-position-overlay  envira-gallery-bottom-right\"><\/div><a href=\"https:\/\/photo-u-paris.fr\/wp-content\/uploads\/2026\/04\/IMG_2174.jpg\" class=\"envira-gallery-2940 envira-gallery-link\" rel=\"enviragallery2940\" title=\"IMG_2174\" data-envira-caption=\"IMG_2174\" data-envira-retina=\"\" data-thumbnail=\"\"  itemprop=\"contentUrl\"><div class=\"envira-lazy\" data-test-width=\"640\" data-test-height=\"480\" style=\"padding-bottom:75%;\"><img decoding=\"async\" id=\"envira-gallery-image-2983\" class=\"envira-gallery-image envira-gallery-image-1\" data-envira-index=\"1\" src=\"https:\/\/photo-u-paris.fr\/wp-content\/uploads\/2026\/04\/IMG_2174-683x1024.jpg\" data-envira-src=\"https:\/\/photo-u-paris.fr\/wp-content\/uploads\/2026\/04\/IMG_2174-683x1024.jpg\" data-envira-gallery-id=\"2940\" data-envira-item-id=\"2983\" data-envira-caption=\"IMG_2174\" alt=\"\" title=\"IMG_2174\"  itemprop=\"thumbnailUrl\" data-envira-srcset=\"https:\/\/photo-u-paris.fr\/wp-content\/uploads\/2026\/04\/IMG_2174-683x1024.jpg 400w,https:\/\/photo-u-paris.fr\/wp-content\/uploads\/2026\/04\/IMG_2174-683x1024.jpg 2x\" srcset=\"data:image\/gif;base64,R0lGODlhAQABAIAAAP\/\/\/\/\/\/\/yH5BAEKAAEALAAAAAABAAEAAAICTAEAOw==\" \/><\/div><\/a><\/div><\/div><div id=\"envira-gallery-item-2984\" class=\"envira-gallery-item enviratope-item envira-gallery-item-2 envira-lazy-load\" style=\"padding-left: 8px; padding-bottom: 15px; padding-right: 8px;\"  itemscope itemtype=\"https:\/\/schema.org\/ImageObject\"><div class=\"envira-gallery-item-inner\"><div class=\"envira-gallery-position-overlay  envira-gallery-top-left\"><\/div><div class=\"envira-gallery-position-overlay  envira-gallery-top-right\"><\/div><div class=\"envira-gallery-position-overlay  envira-gallery-bottom-left\"><\/div><div class=\"envira-gallery-position-overlay  envira-gallery-bottom-right\"><\/div><a href=\"https:\/\/photo-u-paris.fr\/wp-content\/uploads\/2026\/04\/IMG_2168-1.jpg\" class=\"envira-gallery-2940 envira-gallery-link\" rel=\"enviragallery2940\" title=\"IMG_2168\" data-envira-caption=\"IMG_2168\" data-envira-retina=\"\" data-thumbnail=\"\"  itemprop=\"contentUrl\"><div class=\"envira-lazy\" data-test-width=\"640\" data-test-height=\"480\" style=\"padding-bottom:75%;\"><img decoding=\"async\" id=\"envira-gallery-image-2984\" class=\"envira-gallery-image envira-gallery-image-2\" data-envira-index=\"2\" src=\"https:\/\/photo-u-paris.fr\/wp-content\/uploads\/2026\/04\/IMG_2168-1-683x1024.jpg\" data-envira-src=\"https:\/\/photo-u-paris.fr\/wp-content\/uploads\/2026\/04\/IMG_2168-1-683x1024.jpg\" data-envira-gallery-id=\"2940\" data-envira-item-id=\"2984\" data-envira-caption=\"IMG_2168\" alt=\"\" title=\"IMG_2168\"  itemprop=\"thumbnailUrl\" data-envira-srcset=\"https:\/\/photo-u-paris.fr\/wp-content\/uploads\/2026\/04\/IMG_2168-1-683x1024.jpg 400w,https:\/\/photo-u-paris.fr\/wp-content\/uploads\/2026\/04\/IMG_2168-1-683x1024.jpg 2x\" srcset=\"data:image\/gif;base64,R0lGODlhAQABAIAAAP\/\/\/\/\/\/\/yH5BAEKAAEALAAAAAABAAEAAAICTAEAOw==\" \/><\/div><\/a><\/div><\/div><div id=\"envira-gallery-item-2985\" class=\"envira-gallery-item enviratope-item envira-gallery-item-3 envira-lazy-load\" style=\"padding-left: 8px; padding-bottom: 15px; padding-right: 8px;\"  itemscope itemtype=\"https:\/\/schema.org\/ImageObject\"><div class=\"envira-gallery-item-inner\"><div class=\"envira-gallery-position-overlay  envira-gallery-top-left\"><\/div><div class=\"envira-gallery-position-overlay  envira-gallery-top-right\"><\/div><div class=\"envira-gallery-position-overlay  envira-gallery-bottom-left\"><\/div><div class=\"envira-gallery-position-overlay  envira-gallery-bottom-right\"><\/div><a href=\"https:\/\/photo-u-paris.fr\/wp-content\/uploads\/2026\/04\/IMG_2173-1.jpg\" class=\"envira-gallery-2940 envira-gallery-link\" rel=\"enviragallery2940\" title=\"IMG_2173\" data-envira-caption=\"IMG_2173\" data-envira-retina=\"\" data-thumbnail=\"\"  itemprop=\"contentUrl\"><div class=\"envira-lazy\" data-test-width=\"640\" data-test-height=\"480\" style=\"padding-bottom:75%;\"><img decoding=\"async\" id=\"envira-gallery-image-2985\" class=\"envira-gallery-image envira-gallery-image-3\" data-envira-index=\"3\" src=\"https:\/\/photo-u-paris.fr\/wp-content\/uploads\/2026\/04\/IMG_2173-1-683x1024.jpg\" data-envira-src=\"https:\/\/photo-u-paris.fr\/wp-content\/uploads\/2026\/04\/IMG_2173-1-683x1024.jpg\" data-envira-gallery-id=\"2940\" data-envira-item-id=\"2985\" data-envira-caption=\"IMG_2173\" alt=\"\" title=\"IMG_2173\"  itemprop=\"thumbnailUrl\" data-envira-srcset=\"https:\/\/photo-u-paris.fr\/wp-content\/uploads\/2026\/04\/IMG_2173-1-683x1024.jpg 400w,https:\/\/photo-u-paris.fr\/wp-content\/uploads\/2026\/04\/IMG_2173-1-683x1024.jpg 2x\" srcset=\"data:image\/gif;base64,R0lGODlhAQABAIAAAP\/\/\/\/\/\/\/yH5BAEKAAEALAAAAAABAAEAAAICTAEAOw==\" \/><\/div><\/a><\/div><\/div><div id=\"envira-gallery-item-2986\" class=\"envira-gallery-item enviratope-item envira-gallery-item-4 envira-lazy-load\" style=\"padding-left: 8px; padding-bottom: 15px; padding-right: 8px;\"  itemscope itemtype=\"https:\/\/schema.org\/ImageObject\"><div class=\"envira-gallery-item-inner\"><div class=\"envira-gallery-position-overlay  envira-gallery-top-left\"><\/div><div class=\"envira-gallery-position-overlay  envira-gallery-top-right\"><\/div><div class=\"envira-gallery-position-overlay  envira-gallery-bottom-left\"><\/div><div class=\"envira-gallery-position-overlay  envira-gallery-bottom-right\"><\/div><a href=\"https:\/\/photo-u-paris.fr\/wp-content\/uploads\/2026\/04\/IMG_2163.jpg\" class=\"envira-gallery-2940 envira-gallery-link\" rel=\"enviragallery2940\" title=\"IMG_2163\" data-envira-caption=\"IMG_2163\" data-envira-retina=\"\" data-thumbnail=\"\"  itemprop=\"contentUrl\"><div class=\"envira-lazy\" data-test-width=\"640\" data-test-height=\"480\" style=\"padding-bottom:75%;\"><img decoding=\"async\" id=\"envira-gallery-image-2986\" class=\"envira-gallery-image envira-gallery-image-4\" data-envira-index=\"4\" src=\"https:\/\/photo-u-paris.fr\/wp-content\/uploads\/2026\/04\/IMG_2163-683x1024.jpg\" data-envira-src=\"https:\/\/photo-u-paris.fr\/wp-content\/uploads\/2026\/04\/IMG_2163-683x1024.jpg\" data-envira-gallery-id=\"2940\" data-envira-item-id=\"2986\" data-envira-caption=\"IMG_2163\" alt=\"\" title=\"IMG_2163\"  itemprop=\"thumbnailUrl\" data-envira-srcset=\"https:\/\/photo-u-paris.fr\/wp-content\/uploads\/2026\/04\/IMG_2163-683x1024.jpg 400w,https:\/\/photo-u-paris.fr\/wp-content\/uploads\/2026\/04\/IMG_2163-683x1024.jpg 2x\" srcset=\"data:image\/gif;base64,R0lGODlhAQABAIAAAP\/\/\/\/\/\/\/yH5BAEKAAEALAAAAAABAAEAAAICTAEAOw==\" \/><\/div><\/a><\/div><\/div><div id=\"envira-gallery-item-2987\" class=\"envira-gallery-item enviratope-item envira-gallery-item-5 envira-lazy-load\" style=\"padding-left: 8px; padding-bottom: 15px; padding-right: 8px;\"  itemscope itemtype=\"https:\/\/schema.org\/ImageObject\"><div class=\"envira-gallery-item-inner\"><div class=\"envira-gallery-position-overlay  envira-gallery-top-left\"><\/div><div class=\"envira-gallery-position-overlay  envira-gallery-top-right\"><\/div><div class=\"envira-gallery-position-overlay  envira-gallery-bottom-left\"><\/div><div class=\"envira-gallery-position-overlay  envira-gallery-bottom-right\"><\/div><a href=\"https:\/\/photo-u-paris.fr\/wp-content\/uploads\/2026\/04\/IMG_2156-1.jpg\" class=\"envira-gallery-2940 envira-gallery-link\" rel=\"enviragallery2940\" title=\"IMG_2156\" data-envira-caption=\"IMG_2156\" data-envira-retina=\"\" data-thumbnail=\"\"  itemprop=\"contentUrl\"><div class=\"envira-lazy\" data-test-width=\"640\" data-test-height=\"480\" style=\"padding-bottom:75%;\"><img decoding=\"async\" id=\"envira-gallery-image-2987\" class=\"envira-gallery-image envira-gallery-image-5\" data-envira-index=\"5\" src=\"https:\/\/photo-u-paris.fr\/wp-content\/uploads\/2026\/04\/IMG_2156-1-683x1024.jpg\" data-envira-src=\"https:\/\/photo-u-paris.fr\/wp-content\/uploads\/2026\/04\/IMG_2156-1-683x1024.jpg\" data-envira-gallery-id=\"2940\" data-envira-item-id=\"2987\" data-envira-caption=\"IMG_2156\" alt=\"\" title=\"IMG_2156\"  itemprop=\"thumbnailUrl\" data-envira-srcset=\"https:\/\/photo-u-paris.fr\/wp-content\/uploads\/2026\/04\/IMG_2156-1-683x1024.jpg 400w,https:\/\/photo-u-paris.fr\/wp-content\/uploads\/2026\/04\/IMG_2156-1-683x1024.jpg 2x\" srcset=\"data:image\/gif;base64,R0lGODlhAQABAIAAAP\/\/\/\/\/\/\/yH5BAEKAAEALAAAAAABAAEAAAICTAEAOw==\" \/><\/div><\/a><\/div><\/div><\/div><\/div><noscript><img decoding=\"async\" src=\"https:\/\/photo-u-paris.fr\/wp-content\/uploads\/2026\/04\/IMG_2174.jpg\" alt=\"\" \/><img decoding=\"async\" src=\"https:\/\/photo-u-paris.fr\/wp-content\/uploads\/2026\/04\/IMG_2168-1.jpg\" alt=\"\" \/><img decoding=\"async\" src=\"https:\/\/photo-u-paris.fr\/wp-content\/uploads\/2026\/04\/IMG_2173-1.jpg\" alt=\"\" \/><img decoding=\"async\" src=\"https:\/\/photo-u-paris.fr\/wp-content\/uploads\/2026\/04\/IMG_2163.jpg\" alt=\"\" \/><img decoding=\"async\" src=\"https:\/\/photo-u-paris.fr\/wp-content\/uploads\/2026\/04\/IMG_2156-1.jpg\" alt=\"\" \/><\/noscript><\/code><a href=\"http:\/\/photo-u-paris.fr\/wp-admin\/post.php?post=206&amp;action=edit#\"><\/a><\/code><a href=\"http:\/\/photo-u-paris.fr\/wp-admin\/post.php?post=181&amp;action=edit#\"><\/a><\/p>\n","protected":false},"excerpt":{"rendered":"<p>APR\u00c8S LE MARCH\u00c9 L\u2019id\u00e9e de ces cinq photos est de chercher une esth\u00e9tique crue dans ce que l\u2019on consid\u00e8re habituellement comme des d\u00e9chets. Ici on ne regarde pas les restes du march\u00e9 comme la trace d\u2019une agitation nettoy\u00e9e en coup <a href=\"https:\/\/photo-u-paris.fr\/index.php\/valentin-cuissot-l1-sciences-de-la-vie\/\"><\/p>\n<div class=\"read-more\">\n<p>Read more &#8250;<\/p>\n<\/div>\n<p><!-- end of .read-more --><\/a><\/p>\n","protected":false},"author":1,"featured_media":0,"parent":0,"menu_order":0,"comment_status":"closed","ping_status":"closed","template":"","meta":{"footnotes":""},"class_list":["post-2937","page","type-page","status-publish","hentry"],"_links":{"self":[{"href":"https:\/\/photo-u-paris.fr\/index.php\/wp-json\/wp\/v2\/pages\/2937","targetHints":{"allow":["GET"]}}],"collection":[{"href":"https:\/\/photo-u-paris.fr\/index.php\/wp-json\/wp\/v2\/pages"}],"about":[{"href":"https:\/\/photo-u-paris.fr\/index.php\/wp-json\/wp\/v2\/types\/page"}],"author":[{"embeddable":true,"href":"https:\/\/photo-u-paris.fr\/index.php\/wp-json\/wp\/v2\/users\/1"}],"replies":[{"embeddable":true,"href":"https:\/\/photo-u-paris.fr\/index.php\/wp-json\/wp\/v2\/comments?post=2937"}],"version-history":[{"count":5,"href":"https:\/\/photo-u-paris.fr\/index.php\/wp-json\/wp\/v2\/pages\/2937\/revisions"}],"predecessor-version":[{"id":2982,"href":"https:\/\/photo-u-paris.fr\/index.php\/wp-json\/wp\/v2\/pages\/2937\/revisions\/2982"}],"wp:attachment":[{"href":"https:\/\/photo-u-paris.fr\/index.php\/wp-json\/wp\/v2\/media?parent=2937"}],"curies":[{"name":"wp","href":"https:\/\/api.w.org\/{rel}","templated":true}]}}