{"id":3006,"date":"2026-04-07T23:27:54","date_gmt":"2026-04-07T21:27:54","guid":{"rendered":"https:\/\/photo-u-paris.fr\/?page_id=3006"},"modified":"2026-04-08T10:28:37","modified_gmt":"2026-04-08T08:28:37","slug":"sofiane-vernel-l1-cinema","status":"publish","type":"page","link":"https:\/\/photo-u-paris.fr\/index.php\/sofiane-vernel-l1-cinema\/","title":{"rendered":"Sofiane Vernel\u00a0 | L1 Arts du sctacle"},"content":{"rendered":"\n<h2 class=\"wp-block-heading has-text-align-center has-medium-font-size\">LA GALERIE QUI INTERAGISSAIT AVEC LES VISITEURS\u00a0<\/h2>\n\n\n\n<div class=\"wp-block-group\"><div class=\"wp-block-group__inner-container is-layout-flow wp-block-group-is-layout-flow\">\n<p><\/p>\n\n\n\n<p class=\"has-text-align-left\">Quand va au mus\u00e9e, nous observons des \u0153uvres, et chaque personne vit son exp\u00e9rience au mus\u00e9e diff\u00e9remment : certains y vont pour \u00e9tudier, pour cr\u00e9er, ou pour regarder. J\u2019ai voulu vous montrer ce que des personnes peuvent rechercher en allant au Louvre, \u00e0 travers leurs interactions avec des peintures dans les galeries.\u00a0<\/p>\n<\/div><\/div>\n\n\n\n<p><code><code><div id=\"envira-gallery-wrap-3008\" class=\"envira-gallery-wrap envira-gallery-theme-base envira-lightbox-theme-base\" itemscope itemtype=\"https:\/\/schema.org\/ImageGallery\"><div data-row-height=\"\" data-gallery-theme=\"\" id=\"envira-gallery-3008\" class=\"envira-gallery-public  envira-gallery-2-columns envira-clear enviratope envira-gallery-css-animations\" data-envira-columns=\"2\"><div id=\"envira-gallery-item-3026\" class=\"envira-gallery-item enviratope-item envira-gallery-item-1 envira-lazy-load\" style=\"padding-left: 8px; padding-bottom: 15px; padding-right: 8px;\"  itemscope itemtype=\"https:\/\/schema.org\/ImageObject\"><div class=\"envira-gallery-item-inner\"><div class=\"envira-gallery-position-overlay  envira-gallery-top-left\"><\/div><div class=\"envira-gallery-position-overlay  envira-gallery-top-right\"><\/div><div class=\"envira-gallery-position-overlay  envira-gallery-bottom-left\"><\/div><div class=\"envira-gallery-position-overlay  envira-gallery-bottom-right\"><\/div><a href=\"https:\/\/photo-u-paris.fr\/wp-content\/uploads\/2026\/04\/sofiane.vernel-final2-1-1.jpeg\" class=\"envira-gallery-3008 envira-gallery-link\" rel=\"enviragallery3008\" title=\"sofiane.vernel-final2 (1)\" data-envira-caption=\"sofiane.vernel-final2 (1)\" data-envira-retina=\"\" data-thumbnail=\"\"  itemprop=\"contentUrl\"><div class=\"envira-lazy\" data-test-width=\"640\" data-test-height=\"480\" style=\"padding-bottom:75%;\"><img decoding=\"async\" id=\"envira-gallery-image-3026\" class=\"envira-gallery-image envira-gallery-image-1\" data-envira-index=\"1\" src=\"https:\/\/photo-u-paris.fr\/wp-content\/uploads\/2026\/04\/sofiane.vernel-final2-1-1-1024x684.jpeg\" data-envira-src=\"https:\/\/photo-u-paris.fr\/wp-content\/uploads\/2026\/04\/sofiane.vernel-final2-1-1-1024x684.jpeg\" data-envira-gallery-id=\"3008\" data-envira-item-id=\"3026\" data-envira-caption=\"sofiane.vernel-final2 (1)\" alt=\"\" title=\"sofiane.vernel-final2 (1)\"  itemprop=\"thumbnailUrl\" data-envira-srcset=\"https:\/\/photo-u-paris.fr\/wp-content\/uploads\/2026\/04\/sofiane.vernel-final2-1-1-1024x684.jpeg 400w,https:\/\/photo-u-paris.fr\/wp-content\/uploads\/2026\/04\/sofiane.vernel-final2-1-1-1024x684.jpeg 2x\" srcset=\"data:image\/gif;base64,R0lGODlhAQABAIAAAP\/\/\/\/\/\/\/yH5BAEKAAEALAAAAAABAAEAAAICTAEAOw==\" \/><\/div><\/a><\/div><\/div><div id=\"envira-gallery-item-3022\" class=\"envira-gallery-item enviratope-item envira-gallery-item-2 envira-lazy-load\" style=\"padding-left: 8px; padding-bottom: 15px; padding-right: 8px;\"  itemscope itemtype=\"https:\/\/schema.org\/ImageObject\"><div class=\"envira-gallery-item-inner\"><div class=\"envira-gallery-position-overlay  envira-gallery-top-left\"><\/div><div class=\"envira-gallery-position-overlay  envira-gallery-top-right\"><\/div><div class=\"envira-gallery-position-overlay  envira-gallery-bottom-left\"><\/div><div class=\"envira-gallery-position-overlay  envira-gallery-bottom-right\"><\/div><a href=\"https:\/\/photo-u-paris.fr\/wp-content\/uploads\/2026\/04\/sofiane.vernel-final5-1.jpeg\" class=\"envira-gallery-3008 envira-gallery-link\" rel=\"enviragallery3008\" title=\"sofiane.vernel-final5\" data-envira-caption=\"sofiane.vernel-final5\" data-envira-retina=\"\" data-thumbnail=\"\"  itemprop=\"contentUrl\"><div class=\"envira-lazy\" data-test-width=\"640\" data-test-height=\"480\" style=\"padding-bottom:75%;\"><img decoding=\"async\" id=\"envira-gallery-image-3022\" class=\"envira-gallery-image envira-gallery-image-2\" data-envira-index=\"2\" src=\"https:\/\/photo-u-paris.fr\/wp-content\/uploads\/2026\/04\/sofiane.vernel-final5-1-1024x684.jpeg\" data-envira-src=\"https:\/\/photo-u-paris.fr\/wp-content\/uploads\/2026\/04\/sofiane.vernel-final5-1-1024x684.jpeg\" data-envira-gallery-id=\"3008\" data-envira-item-id=\"3022\" data-envira-caption=\"sofiane.vernel-final5\" alt=\"\" title=\"sofiane.vernel-final5\"  itemprop=\"thumbnailUrl\" data-envira-srcset=\"https:\/\/photo-u-paris.fr\/wp-content\/uploads\/2026\/04\/sofiane.vernel-final5-1-1024x684.jpeg 400w,https:\/\/photo-u-paris.fr\/wp-content\/uploads\/2026\/04\/sofiane.vernel-final5-1-1024x684.jpeg 2x\" srcset=\"data:image\/gif;base64,R0lGODlhAQABAIAAAP\/\/\/\/\/\/\/yH5BAEKAAEALAAAAAABAAEAAAICTAEAOw==\" \/><\/div><\/a><\/div><\/div><div id=\"envira-gallery-item-3023\" class=\"envira-gallery-item enviratope-item envira-gallery-item-3 envira-lazy-load\" style=\"padding-left: 8px; padding-bottom: 15px; padding-right: 8px;\"  itemscope itemtype=\"https:\/\/schema.org\/ImageObject\"><div class=\"envira-gallery-item-inner\"><div class=\"envira-gallery-position-overlay  envira-gallery-top-left\"><\/div><div class=\"envira-gallery-position-overlay  envira-gallery-top-right\"><\/div><div class=\"envira-gallery-position-overlay  envira-gallery-bottom-left\"><\/div><div class=\"envira-gallery-position-overlay  envira-gallery-bottom-right\"><\/div><a href=\"https:\/\/photo-u-paris.fr\/wp-content\/uploads\/2026\/04\/sofiane.vernel-final1-1.jpeg\" class=\"envira-gallery-3008 envira-gallery-link\" rel=\"enviragallery3008\" title=\"sofiane.vernel-final1 (1)\" data-envira-caption=\"sofiane.vernel-final1 (1)\" data-envira-retina=\"\" data-thumbnail=\"\"  itemprop=\"contentUrl\"><div class=\"envira-lazy\" data-test-width=\"640\" data-test-height=\"480\" style=\"padding-bottom:75%;\"><img decoding=\"async\" id=\"envira-gallery-image-3023\" class=\"envira-gallery-image envira-gallery-image-3\" data-envira-index=\"3\" src=\"https:\/\/photo-u-paris.fr\/wp-content\/uploads\/2026\/04\/sofiane.vernel-final1-1-1024x684.jpeg\" data-envira-src=\"https:\/\/photo-u-paris.fr\/wp-content\/uploads\/2026\/04\/sofiane.vernel-final1-1-1024x684.jpeg\" data-envira-gallery-id=\"3008\" data-envira-item-id=\"3023\" data-envira-caption=\"sofiane.vernel-final1 (1)\" alt=\"\" title=\"sofiane.vernel-final1 (1)\"  itemprop=\"thumbnailUrl\" data-envira-srcset=\"https:\/\/photo-u-paris.fr\/wp-content\/uploads\/2026\/04\/sofiane.vernel-final1-1-1024x684.jpeg 400w,https:\/\/photo-u-paris.fr\/wp-content\/uploads\/2026\/04\/sofiane.vernel-final1-1-1024x684.jpeg 2x\" srcset=\"data:image\/gif;base64,R0lGODlhAQABAIAAAP\/\/\/\/\/\/\/yH5BAEKAAEALAAAAAABAAEAAAICTAEAOw==\" \/><\/div><\/a><\/div><\/div><div id=\"envira-gallery-item-3024\" class=\"envira-gallery-item enviratope-item envira-gallery-item-4 envira-lazy-load\" style=\"padding-left: 8px; padding-bottom: 15px; padding-right: 8px;\"  itemscope itemtype=\"https:\/\/schema.org\/ImageObject\"><div class=\"envira-gallery-item-inner\"><div class=\"envira-gallery-position-overlay  envira-gallery-top-left\"><\/div><div class=\"envira-gallery-position-overlay  envira-gallery-top-right\"><\/div><div class=\"envira-gallery-position-overlay  envira-gallery-bottom-left\"><\/div><div class=\"envira-gallery-position-overlay  envira-gallery-bottom-right\"><\/div><a href=\"https:\/\/photo-u-paris.fr\/wp-content\/uploads\/2026\/04\/sofiane.vernel-final3-1.jpg\" class=\"envira-gallery-3008 envira-gallery-link\" rel=\"enviragallery3008\" title=\"sofiane.vernel-final3\" data-envira-caption=\"sofiane.vernel-final3\" data-envira-retina=\"\" data-thumbnail=\"\"  itemprop=\"contentUrl\"><div class=\"envira-lazy\" data-test-width=\"640\" data-test-height=\"480\" style=\"padding-bottom:75%;\"><img decoding=\"async\" id=\"envira-gallery-image-3024\" class=\"envira-gallery-image envira-gallery-image-4\" data-envira-index=\"4\" src=\"https:\/\/photo-u-paris.fr\/wp-content\/uploads\/2026\/04\/sofiane.vernel-final3-1-1024x684.jpg\" data-envira-src=\"https:\/\/photo-u-paris.fr\/wp-content\/uploads\/2026\/04\/sofiane.vernel-final3-1-1024x684.jpg\" data-envira-gallery-id=\"3008\" data-envira-item-id=\"3024\" data-envira-caption=\"sofiane.vernel-final3\" alt=\"\" title=\"sofiane.vernel-final3\"  itemprop=\"thumbnailUrl\" data-envira-srcset=\"https:\/\/photo-u-paris.fr\/wp-content\/uploads\/2026\/04\/sofiane.vernel-final3-1-1024x684.jpg 400w,https:\/\/photo-u-paris.fr\/wp-content\/uploads\/2026\/04\/sofiane.vernel-final3-1-1024x684.jpg 2x\" srcset=\"data:image\/gif;base64,R0lGODlhAQABAIAAAP\/\/\/\/\/\/\/yH5BAEKAAEALAAAAAABAAEAAAICTAEAOw==\" \/><\/div><\/a><\/div><\/div><div id=\"envira-gallery-item-3025\" class=\"envira-gallery-item enviratope-item envira-gallery-item-5 envira-lazy-load\" style=\"padding-left: 8px; padding-bottom: 15px; padding-right: 8px;\"  itemscope itemtype=\"https:\/\/schema.org\/ImageObject\"><div class=\"envira-gallery-item-inner\"><div class=\"envira-gallery-position-overlay  envira-gallery-top-left\"><\/div><div class=\"envira-gallery-position-overlay  envira-gallery-top-right\"><\/div><div class=\"envira-gallery-position-overlay  envira-gallery-bottom-left\"><\/div><div class=\"envira-gallery-position-overlay  envira-gallery-bottom-right\"><\/div><a href=\"https:\/\/photo-u-paris.fr\/wp-content\/uploads\/2026\/04\/sofiane.vernel-final4-1.jpeg\" class=\"envira-gallery-3008 envira-gallery-link\" rel=\"enviragallery3008\" title=\"sofiane.vernel-final4 (1)\" data-envira-caption=\"sofiane.vernel-final4 (1)\" data-envira-retina=\"\" data-thumbnail=\"\"  itemprop=\"contentUrl\"><div class=\"envira-lazy\" data-test-width=\"640\" data-test-height=\"480\" style=\"padding-bottom:75%;\"><img decoding=\"async\" id=\"envira-gallery-image-3025\" class=\"envira-gallery-image envira-gallery-image-5\" data-envira-index=\"5\" src=\"https:\/\/photo-u-paris.fr\/wp-content\/uploads\/2026\/04\/sofiane.vernel-final4-1-1024x684.jpeg\" data-envira-src=\"https:\/\/photo-u-paris.fr\/wp-content\/uploads\/2026\/04\/sofiane.vernel-final4-1-1024x684.jpeg\" data-envira-gallery-id=\"3008\" data-envira-item-id=\"3025\" data-envira-caption=\"sofiane.vernel-final4 (1)\" alt=\"\" title=\"sofiane.vernel-final4 (1)\"  itemprop=\"thumbnailUrl\" data-envira-srcset=\"https:\/\/photo-u-paris.fr\/wp-content\/uploads\/2026\/04\/sofiane.vernel-final4-1-1024x684.jpeg 400w,https:\/\/photo-u-paris.fr\/wp-content\/uploads\/2026\/04\/sofiane.vernel-final4-1-1024x684.jpeg 2x\" srcset=\"data:image\/gif;base64,R0lGODlhAQABAIAAAP\/\/\/\/\/\/\/yH5BAEKAAEALAAAAAABAAEAAAICTAEAOw==\" \/><\/div><\/a><\/div><\/div><\/div><\/div><noscript><img decoding=\"async\" src=\"https:\/\/photo-u-paris.fr\/wp-content\/uploads\/2026\/04\/sofiane.vernel-final2-1-1.jpeg\" alt=\"\" \/><img decoding=\"async\" src=\"https:\/\/photo-u-paris.fr\/wp-content\/uploads\/2026\/04\/sofiane.vernel-final5-1.jpeg\" alt=\"\" \/><img decoding=\"async\" src=\"https:\/\/photo-u-paris.fr\/wp-content\/uploads\/2026\/04\/sofiane.vernel-final1-1.jpeg\" alt=\"\" \/><img decoding=\"async\" src=\"https:\/\/photo-u-paris.fr\/wp-content\/uploads\/2026\/04\/sofiane.vernel-final3-1.jpg\" alt=\"\" \/><img decoding=\"async\" src=\"https:\/\/photo-u-paris.fr\/wp-content\/uploads\/2026\/04\/sofiane.vernel-final4-1.jpeg\" alt=\"\" \/><\/noscript><\/code><a href=\"http:\/\/photo-u-paris.fr\/wp-admin\/post.php?post=206&amp;action=edit#\"><\/a><\/code><a href=\"http:\/\/photo-u-paris.fr\/wp-admin\/post.php?post=181&amp;action=edit#\"><\/a><\/p>\n","protected":false},"excerpt":{"rendered":"<p>LA GALERIE QUI INTERAGISSAIT AVEC LES VISITEURS\u00a0 Quand va au mus\u00e9e, nous observons des \u0153uvres, et chaque personne vit son exp\u00e9rience au mus\u00e9e diff\u00e9remment : certains y vont pour \u00e9tudier, pour cr\u00e9er, ou pour regarder. J\u2019ai voulu vous montrer ce <a href=\"https:\/\/photo-u-paris.fr\/index.php\/sofiane-vernel-l1-cinema\/\"><\/p>\n<div class=\"read-more\">\n<p>Read more &#8250;<\/p>\n<\/div>\n<p><!-- end of .read-more --><\/a><\/p>\n","protected":false},"author":1,"featured_media":0,"parent":0,"menu_order":0,"comment_status":"closed","ping_status":"closed","template":"","meta":{"footnotes":""},"class_list":["post-3006","page","type-page","status-publish","hentry"],"_links":{"self":[{"href":"https:\/\/photo-u-paris.fr\/index.php\/wp-json\/wp\/v2\/pages\/3006","targetHints":{"allow":["GET"]}}],"collection":[{"href":"https:\/\/photo-u-paris.fr\/index.php\/wp-json\/wp\/v2\/pages"}],"about":[{"href":"https:\/\/photo-u-paris.fr\/index.php\/wp-json\/wp\/v2\/types\/page"}],"author":[{"embeddable":true,"href":"https:\/\/photo-u-paris.fr\/index.php\/wp-json\/wp\/v2\/users\/1"}],"replies":[{"embeddable":true,"href":"https:\/\/photo-u-paris.fr\/index.php\/wp-json\/wp\/v2\/comments?post=3006"}],"version-history":[{"count":4,"href":"https:\/\/photo-u-paris.fr\/index.php\/wp-json\/wp\/v2\/pages\/3006\/revisions"}],"predecessor-version":[{"id":3020,"href":"https:\/\/photo-u-paris.fr\/index.php\/wp-json\/wp\/v2\/pages\/3006\/revisions\/3020"}],"wp:attachment":[{"href":"https:\/\/photo-u-paris.fr\/index.php\/wp-json\/wp\/v2\/media?parent=3006"}],"curies":[{"name":"wp","href":"https:\/\/api.w.org\/{rel}","templated":true}]}}